{"id":1330,"date":"2018-02-19T14:32:54","date_gmt":"2018-02-19T20:32:54","guid":{"rendered":"http:\/\/www.venegasnexia.com\/?page_id=1330"},"modified":"2023-06-30T09:27:36","modified_gmt":"2023-06-30T15:27:36","slug":"nexia-international","status":"publish","type":"page","link":"https:\/\/www.venegasnexia.com\/es\/nexia-international\/","title":{"rendered":"Representaci\u00f3n internacional"},"content":{"rendered":"<div class=\"wpb-content-wrapper\"><p>[vc_row full_width=\u00bbstretch_row_content\u00bb][vc_column width=\u00bb1\/6&#8243;][\/vc_column][vc_column width=\u00bb2\/3&#8243;][vc_column_text]<\/p>\n<h2 style=\"text-align: justify;\">Representaci\u00f3n internacional.<\/h2>\n<p>&nbsp;<\/p>\n<ul>\n<li style=\"text-align: justify;\"><em><strong>A partir de mayo de 2014 formamos parte de la red mundial de firmas independientes de auditor\u00eda y consultor\u00eda Nexia International:<\/strong><\/em><\/li>\n<\/ul>\n<p>&nbsp;<\/p>\n<p style=\"text-align: justify;\"><a href=\"https:\/\/www.venegasnexia.com\/wp-content\/uploads\/2018\/02\/www.nexia.com\" target=\"_blank\" rel=\"noopener noreferrer\"><strong><img loading=\"lazy\" decoding=\"async\" class=\"size-full wp-image-1333 aligncenter\" src=\"https:\/\/www.venegasnexia.com\/wp-content\/uploads\/2018\/02\/nexia-membership-color1.png\" alt=\"\" width=\"248\" height=\"95\" \/><\/strong><\/a><\/p>\n<p style=\"text-align: justify;\"><span style=\"font-size: 36px;\">N<\/span>exia International tiene <strong>representaci\u00f3n en m\u00e1s de cien pa\u00edses<\/strong> alrededor del mundo. Actualmente ocupa el ranking No. 9 a nivel mundial de firmas internacionales de auditores.<\/p>\n<p style=\"text-align: justify;\">Nexia International ha sido nombrado <strong>miembro titular del Foro de Firmas<\/strong> \u2013 nombramiento que constata su cultura de aseguramiento de la calidad coordinada a nivel global.<\/p>\n<p style=\"text-align: justify;\">El Foro de Firmas es una asociaci\u00f3n independiente de redes internacionales de firmas de auditores que tienen como objetivo<strong> promover est\u00e1ndares consistentes de alta calidad para el reporte financiero<\/strong> <strong>y la pr\u00e1ctica de auditor\u00edas a nivel mundial.<\/strong><\/p>\n<p style=\"text-align: justify;\">Para obtener el status de miembro titular, <strong>Nexia International se compromete a cumplir con las obligaciones de los miembros del Foro<\/strong>, que requiere de sus miembros:<\/p>\n<ul>\n<li style=\"text-align: justify;\">Mantener est\u00e1ndares apropiados de calidad de acuerdo con las <strong>Normas Internacionales de Control de Calidad<\/strong>, emitidas por el Consejo de Normas Internacionales de Contabilidad y Auditor\u00edas (IAASB, por sus siglas en ingl\u00e9s) adem\u00e1s de est\u00e1ndares de control de calidad y de conducta relevantes a nivel nacional, que no sean prohibidas por regulaciones nacionales, con revisiones de aseguramiento de la calidad coordinadas regularmente de forma global.<\/li>\n<li style=\"text-align: justify;\">Contar con pol\u00edticas y procedimientos para llevar a cabo auditor\u00edas transnacionales que est\u00e9n basadas, en los t\u00e9rminos en que aplique, en los <strong>Est\u00e1ndares Internacionales de Auditor\u00eda<\/strong> (ISAs, por sus siglas en inl\u00e9s), emitidas por el IAASB; y<\/li>\n<li style=\"text-align: justify;\">Contar con pol\u00edticas y procedimientos conformes al <strong>C\u00f3digo de \u00c9tica para Profesionales Contables<\/strong> del Consejo de Normas Internacionales de \u00c9tica para Contadores (IESBA) y los c\u00f3digos de \u00e9tica a nivel nacional.<\/li>\n<\/ul>\n<p style=\"text-align: justify;\">Para m\u00e1s informaci\u00f3n <strong>puede visitar la p\u00e1gina web <a href=\"https:\/\/www.venegasnexia.com\/wp-content\/uploads\/2018\/02\/www.nexia1.com\" target=\"_blank\" rel=\"noopener noreferrer\">www.nexia.com<\/a><\/strong><\/p>\n<p style=\"text-align: justify;\">Hasta el a\u00f1o 1995 fuimos representantes de BDO International en Costa Rica. Y desde el a\u00f1o 1995 hasta abril de 2014 representamos a HLB International.<\/p>\n<p>[\/vc_column_text][\/vc_column][vc_column width=\u00bb1\/6&#8243;][\/vc_column][\/vc_row][vc_row][vc_column][vc_video align=\u00bbcenter\u00bb link=\u00bbhttps:\/\/www.youtube.com\/watch?v=C35t_au9nFE\u00bb][\/vc_column][\/vc_row]<\/p>\n<\/div>","protected":false},"excerpt":{"rendered":"<p>[vc_row full_width=\u00bbstretch_row_content\u00bb][vc_column width=\u00bb1\/6&#8243;][\/vc_column][vc_column width=\u00bb2\/3&#8243;][vc_column_text] Representaci\u00f3n internacional. &nbsp; A partir de mayo de 2014 formamos parte de la red mundial de firmas independientes de auditor\u00eda y consultor\u00eda Nexia International: &nbsp; Nexia International tiene representaci\u00f3n en m\u00e1s de cien pa\u00edses alrededor del mundo. Actualmente ocupa el ranking No. 9 a nivel mundial de firmas internacionales de auditores.<\/p>\n","protected":false},"author":1,"featured_media":0,"parent":0,"menu_order":0,"comment_status":"closed","ping_status":"closed","template":"tpl-visual_composer.php","meta":{"_joinchat":[],"footnotes":""},"class_list":["post-1330","page","type-page","status-publish","hentry"],"yoast_head":"<!-- This site is optimized with the Yoast SEO plugin v27.4 - https:\/\/yoast.com\/product\/yoast-seo-wordpress\/ -->\n<title>Representaci\u00f3n internacional - Venegas Nexia<\/title>\n<meta name=\"robots\" content=\"index, follow, max-snippet:-1, max-image-preview:large, max-video-preview:-1\" \/>\n<link rel=\"canonical\" href=\"https:\/\/www.venegasnexia.com\/es\/nexia-international\/\" \/>\n<meta property=\"og:locale\" content=\"es_ES\" \/>\n<meta property=\"og:type\" content=\"article\" \/>\n<meta property=\"og:title\" content=\"Representaci\u00f3n internacional - Venegas Nexia\" \/>\n<meta property=\"og:description\" content=\"[vc_row full_width=\u00bbstretch_row_content\u00bb][vc_column width=\u00bb1\/6&#8243;][\/vc_column][vc_column width=\u00bb2\/3&#8243;][vc_column_text] Representaci\u00f3n internacional. &nbsp; A partir de mayo de 2014 formamos parte de la red mundial de firmas independientes de auditor\u00eda y consultor\u00eda Nexia International: &nbsp; Nexia International tiene representaci\u00f3n en m\u00e1s de cien pa\u00edses alrededor del mundo. Actualmente ocupa el ranking No. 9 a nivel mundial de firmas internacionales de auditores.\" \/>\n<meta property=\"og:url\" content=\"https:\/\/www.venegasnexia.com\/es\/nexia-international\/\" \/>\n<meta property=\"og:site_name\" content=\"Venegas Nexia\" \/>\n<meta property=\"article:modified_time\" content=\"2023-06-30T15:27:36+00:00\" \/>\n<meta property=\"og:image\" content=\"https:\/\/www.venegasnexia.com\/wp-content\/uploads\/2018\/02\/nexia-membership-color1.png\" \/>\n<meta name=\"twitter:card\" content=\"summary_large_image\" \/>\n<meta name=\"twitter:label1\" content=\"Tiempo de lectura\" \/>\n\t<meta name=\"twitter:data1\" content=\"2 minutos\" \/>\n<script type=\"application\/ld+json\" class=\"yoast-schema-graph\">{\"@context\":\"https:\\\/\\\/schema.org\",\"@graph\":[{\"@type\":\"WebPage\",\"@id\":\"https:\\\/\\\/www.venegasnexia.com\\\/es\\\/nexia-international\\\/\",\"url\":\"https:\\\/\\\/www.venegasnexia.com\\\/es\\\/nexia-international\\\/\",\"name\":\"Representaci\u00f3n internacional - Venegas Nexia\",\"isPartOf\":{\"@id\":\"https:\\\/\\\/www.venegasnexia.com\\\/es\\\/#website\"},\"primaryImageOfPage\":{\"@id\":\"https:\\\/\\\/www.venegasnexia.com\\\/es\\\/nexia-international\\\/#primaryimage\"},\"image\":{\"@id\":\"https:\\\/\\\/www.venegasnexia.com\\\/es\\\/nexia-international\\\/#primaryimage\"},\"thumbnailUrl\":\"https:\\\/\\\/www.venegasnexia.com\\\/wp-content\\\/uploads\\\/2018\\\/02\\\/nexia-membership-color1.png\",\"datePublished\":\"2018-02-19T20:32:54+00:00\",\"dateModified\":\"2023-06-30T15:27:36+00:00\",\"breadcrumb\":{\"@id\":\"https:\\\/\\\/www.venegasnexia.com\\\/es\\\/nexia-international\\\/#breadcrumb\"},\"inLanguage\":\"es\",\"potentialAction\":[{\"@type\":\"ReadAction\",\"target\":[\"https:\\\/\\\/www.venegasnexia.com\\\/es\\\/nexia-international\\\/\"]}]},{\"@type\":\"ImageObject\",\"inLanguage\":\"es\",\"@id\":\"https:\\\/\\\/www.venegasnexia.com\\\/es\\\/nexia-international\\\/#primaryimage\",\"url\":\"https:\\\/\\\/www.venegasnexia.com\\\/wp-content\\\/uploads\\\/2018\\\/02\\\/nexia-membership-color1.png\",\"contentUrl\":\"https:\\\/\\\/www.venegasnexia.com\\\/wp-content\\\/uploads\\\/2018\\\/02\\\/nexia-membership-color1.png\"},{\"@type\":\"BreadcrumbList\",\"@id\":\"https:\\\/\\\/www.venegasnexia.com\\\/es\\\/nexia-international\\\/#breadcrumb\",\"itemListElement\":[{\"@type\":\"ListItem\",\"position\":1,\"name\":\"Inicio\",\"item\":\"https:\\\/\\\/www.venegasnexia.com\\\/es\\\/\"},{\"@type\":\"ListItem\",\"position\":2,\"name\":\"Representaci\u00f3n internacional\"}]},{\"@type\":\"WebSite\",\"@id\":\"https:\\\/\\\/www.venegasnexia.com\\\/es\\\/#website\",\"url\":\"https:\\\/\\\/www.venegasnexia.com\\\/es\\\/\",\"name\":\"Venegas Nexia\",\"description\":\"Auditores y Consultores\",\"publisher\":{\"@id\":\"https:\\\/\\\/www.venegasnexia.com\\\/es\\\/#organization\"},\"alternateName\":\"Venegas y Colegiados Costa Rica\",\"potentialAction\":[{\"@type\":\"SearchAction\",\"target\":{\"@type\":\"EntryPoint\",\"urlTemplate\":\"https:\\\/\\\/www.venegasnexia.com\\\/es\\\/?s={search_term_string}\"},\"query-input\":{\"@type\":\"PropertyValueSpecification\",\"valueRequired\":true,\"valueName\":\"search_term_string\"}}],\"inLanguage\":\"es\"},{\"@type\":\"Organization\",\"@id\":\"https:\\\/\\\/www.venegasnexia.com\\\/es\\\/#organization\",\"name\":\"Venegas Nexia Costa Rica\",\"url\":\"https:\\\/\\\/www.venegasnexia.com\\\/es\\\/\",\"logo\":{\"@type\":\"ImageObject\",\"inLanguage\":\"es\",\"@id\":\"https:\\\/\\\/www.venegasnexia.com\\\/es\\\/#\\\/schema\\\/logo\\\/image\\\/\",\"url\":\"https:\\\/\\\/www.venegasnexia.com\\\/wp-content\\\/uploads\\\/2022\\\/11\\\/logo_nuevo_espanol.png\",\"contentUrl\":\"https:\\\/\\\/www.venegasnexia.com\\\/wp-content\\\/uploads\\\/2022\\\/11\\\/logo_nuevo_espanol.png\",\"width\":704,\"height\":199,\"caption\":\"Venegas Nexia Costa Rica\"},\"image\":{\"@id\":\"https:\\\/\\\/www.venegasnexia.com\\\/es\\\/#\\\/schema\\\/logo\\\/image\\\/\"}}]}<\/script>\n<!-- \/ Yoast SEO plugin. -->","yoast_head_json":{"title":"Representaci\u00f3n internacional - Venegas Nexia","robots":{"index":"index","follow":"follow","max-snippet":"max-snippet:-1","max-image-preview":"max-image-preview:large","max-video-preview":"max-video-preview:-1"},"canonical":"https:\/\/www.venegasnexia.com\/es\/nexia-international\/","og_locale":"es_ES","og_type":"article","og_title":"Representaci\u00f3n internacional - Venegas Nexia","og_description":"[vc_row full_width=\u00bbstretch_row_content\u00bb][vc_column width=\u00bb1\/6&#8243;][\/vc_column][vc_column width=\u00bb2\/3&#8243;][vc_column_text] Representaci\u00f3n internacional. &nbsp; A partir de mayo de 2014 formamos parte de la red mundial de firmas independientes de auditor\u00eda y consultor\u00eda Nexia International: &nbsp; Nexia International tiene representaci\u00f3n en m\u00e1s de cien pa\u00edses alrededor del mundo. Actualmente ocupa el ranking No. 9 a nivel mundial de firmas internacionales de auditores.","og_url":"https:\/\/www.venegasnexia.com\/es\/nexia-international\/","og_site_name":"Venegas Nexia","article_modified_time":"2023-06-30T15:27:36+00:00","og_image":[{"url":"https:\/\/www.venegasnexia.com\/wp-content\/uploads\/2018\/02\/nexia-membership-color1.png","type":"","width":"","height":""}],"twitter_card":"summary_large_image","twitter_misc":{"Tiempo de lectura":"2 minutos"},"schema":{"@context":"https:\/\/schema.org","@graph":[{"@type":"WebPage","@id":"https:\/\/www.venegasnexia.com\/es\/nexia-international\/","url":"https:\/\/www.venegasnexia.com\/es\/nexia-international\/","name":"Representaci\u00f3n internacional - Venegas Nexia","isPartOf":{"@id":"https:\/\/www.venegasnexia.com\/es\/#website"},"primaryImageOfPage":{"@id":"https:\/\/www.venegasnexia.com\/es\/nexia-international\/#primaryimage"},"image":{"@id":"https:\/\/www.venegasnexia.com\/es\/nexia-international\/#primaryimage"},"thumbnailUrl":"https:\/\/www.venegasnexia.com\/wp-content\/uploads\/2018\/02\/nexia-membership-color1.png","datePublished":"2018-02-19T20:32:54+00:00","dateModified":"2023-06-30T15:27:36+00:00","breadcrumb":{"@id":"https:\/\/www.venegasnexia.com\/es\/nexia-international\/#breadcrumb"},"inLanguage":"es","potentialAction":[{"@type":"ReadAction","target":["https:\/\/www.venegasnexia.com\/es\/nexia-international\/"]}]},{"@type":"ImageObject","inLanguage":"es","@id":"https:\/\/www.venegasnexia.com\/es\/nexia-international\/#primaryimage","url":"https:\/\/www.venegasnexia.com\/wp-content\/uploads\/2018\/02\/nexia-membership-color1.png","contentUrl":"https:\/\/www.venegasnexia.com\/wp-content\/uploads\/2018\/02\/nexia-membership-color1.png"},{"@type":"BreadcrumbList","@id":"https:\/\/www.venegasnexia.com\/es\/nexia-international\/#breadcrumb","itemListElement":[{"@type":"ListItem","position":1,"name":"Inicio","item":"https:\/\/www.venegasnexia.com\/es\/"},{"@type":"ListItem","position":2,"name":"Representaci\u00f3n internacional"}]},{"@type":"WebSite","@id":"https:\/\/www.venegasnexia.com\/es\/#website","url":"https:\/\/www.venegasnexia.com\/es\/","name":"Venegas Nexia","description":"Auditores y Consultores","publisher":{"@id":"https:\/\/www.venegasnexia.com\/es\/#organization"},"alternateName":"Venegas y Colegiados Costa Rica","potentialAction":[{"@type":"SearchAction","target":{"@type":"EntryPoint","urlTemplate":"https:\/\/www.venegasnexia.com\/es\/?s={search_term_string}"},"query-input":{"@type":"PropertyValueSpecification","valueRequired":true,"valueName":"search_term_string"}}],"inLanguage":"es"},{"@type":"Organization","@id":"https:\/\/www.venegasnexia.com\/es\/#organization","name":"Venegas Nexia Costa Rica","url":"https:\/\/www.venegasnexia.com\/es\/","logo":{"@type":"ImageObject","inLanguage":"es","@id":"https:\/\/www.venegasnexia.com\/es\/#\/schema\/logo\/image\/","url":"https:\/\/www.venegasnexia.com\/wp-content\/uploads\/2022\/11\/logo_nuevo_espanol.png","contentUrl":"https:\/\/www.venegasnexia.com\/wp-content\/uploads\/2022\/11\/logo_nuevo_espanol.png","width":704,"height":199,"caption":"Venegas Nexia Costa Rica"},"image":{"@id":"https:\/\/www.venegasnexia.com\/es\/#\/schema\/logo\/image\/"}}]}},"_links":{"self":[{"href":"https:\/\/www.venegasnexia.com\/es\/wp-json\/wp\/v2\/pages\/1330","targetHints":{"allow":["GET"]}}],"collection":[{"href":"https:\/\/www.venegasnexia.com\/es\/wp-json\/wp\/v2\/pages"}],"about":[{"href":"https:\/\/www.venegasnexia.com\/es\/wp-json\/wp\/v2\/types\/page"}],"author":[{"embeddable":true,"href":"https:\/\/www.venegasnexia.com\/es\/wp-json\/wp\/v2\/users\/1"}],"replies":[{"embeddable":true,"href":"https:\/\/www.venegasnexia.com\/es\/wp-json\/wp\/v2\/comments?post=1330"}],"version-history":[{"count":0,"href":"https:\/\/www.venegasnexia.com\/es\/wp-json\/wp\/v2\/pages\/1330\/revisions"}],"wp:attachment":[{"href":"https:\/\/www.venegasnexia.com\/es\/wp-json\/wp\/v2\/media?parent=1330"}],"curies":[{"name":"wp","href":"https:\/\/api.w.org\/{rel}","templated":true}]}}