{"id":5335,"date":"2022-06-11T16:10:27","date_gmt":"2022-06-11T22:10:27","guid":{"rendered":"https:\/\/www.venegasnexia.com\/?page_id=5335"},"modified":"2022-06-13T09:34:44","modified_gmt":"2022-06-13T15:34:44","slug":"socios","status":"publish","type":"page","link":"https:\/\/www.venegasnexia.com\/es\/acerca-de\/socios\/","title":{"rendered":"Socios"},"content":{"rendered":"<div class=\"wpb-content-wrapper\"><p>[vc_row][vc_column width=\u00bb1\/2&#8243;][vc_column_text]<strong><span style=\"color: #33c1ba;\"><a href=\"https:\/\/www.linkedin.com\/in\/nydia-venegas-rom%C3%A1n-25b544a3\/\" target=\"_blank\" rel=\"noopener\"><img loading=\"lazy\" decoding=\"async\" class=\"wp-image-5350 alignleft\" src=\"https:\/\/www.venegasnexia.com\/wp-content\/uploads\/2022\/06\/logo-linkedin-venegas-nexia.png\" alt=\"\" width=\"34\" height=\"34\" srcset=\"https:\/\/www.venegasnexia.com\/wp-content\/uploads\/2022\/06\/logo-linkedin-venegas-nexia.png 100w, https:\/\/www.venegasnexia.com\/wp-content\/uploads\/2022\/06\/logo-linkedin-venegas-nexia-65x65.png 65w, https:\/\/www.venegasnexia.com\/wp-content\/uploads\/2022\/06\/logo-linkedin-venegas-nexia-70x70.png 70w, https:\/\/www.venegasnexia.com\/wp-content\/uploads\/2022\/06\/logo-linkedin-venegas-nexia-55x55.png 55w\" sizes=\"auto, (max-width: 34px) 100vw, 34px\" \/><\/a>Licda. Nydia Venegas Rom\u00e1n, CPA, CPI\u00a0<\/span><\/strong><br \/>\n<strong>Socia Directora\/\/Managing Partner<br \/>\nO<\/strong>: <a href=\"tel:+506 22317358\">+506 2231-7358<\/a> \u2022 <strong>M<\/strong>: <a href=\"tel:+506 89387675\">+506 8938-7675<\/a> \u2022 <strong><a href=\"nvenegas@venegasnexia.com\">E-Mail<\/a><\/strong> -[\/vc_column_text][vc_column_text]<strong><span style=\"color: #33c1ba;\"><a href=\"https:\/\/www.linkedin.com\/in\/norman-alfaro-33602b48\/\" target=\"_blank\" rel=\"noopener\"><img loading=\"lazy\" decoding=\"async\" class=\" wp-image-5350 alignleft\" src=\"https:\/\/www.venegasnexia.com\/wp-content\/uploads\/2022\/06\/logo-linkedin-venegas-nexia.png\" alt=\"\" width=\"35\" height=\"35\" srcset=\"https:\/\/www.venegasnexia.com\/wp-content\/uploads\/2022\/06\/logo-linkedin-venegas-nexia.png 100w, https:\/\/www.venegasnexia.com\/wp-content\/uploads\/2022\/06\/logo-linkedin-venegas-nexia-65x65.png 65w, https:\/\/www.venegasnexia.com\/wp-content\/uploads\/2022\/06\/logo-linkedin-venegas-nexia-70x70.png 70w, https:\/\/www.venegasnexia.com\/wp-content\/uploads\/2022\/06\/logo-linkedin-venegas-nexia-55x55.png 55w\" sizes=\"auto, (max-width: 35px) 100vw, 35px\" \/><\/a>Lic. Norman Alfaro Cruz, MAF, CPA, CPI<\/span><\/strong><br \/>\n<strong>Socio de Impuestos\/\/Tax Partner<br \/>\nO<\/strong>: <a href=\"tel:+506 22317358\">+506 2231-7358<\/a> \u2022 <strong>M<\/strong>: <a href=\"tel:+506 89387675\">+506 8938-7675<\/a> \u2022 <strong><a href=\"nalfaro@venegasnexia.com&gt;\">E-Mail<\/a><\/strong>[\/vc_column_text][\/vc_column][vc_column width=\u00bb1\/2&#8243;][vc_column_text]<strong><span style=\"color: #33c1ba;\"><a href=\"#\" target=\"_blank\" rel=\"noopener\"><img loading=\"lazy\" decoding=\"async\" class=\"wp-image-5350 alignleft\" src=\"https:\/\/www.venegasnexia.com\/wp-content\/uploads\/2022\/06\/logo-linkedin-venegas-nexia.png\" alt=\"\" width=\"34\" height=\"34\" srcset=\"https:\/\/www.venegasnexia.com\/wp-content\/uploads\/2022\/06\/logo-linkedin-venegas-nexia.png 100w, https:\/\/www.venegasnexia.com\/wp-content\/uploads\/2022\/06\/logo-linkedin-venegas-nexia-65x65.png 65w, https:\/\/www.venegasnexia.com\/wp-content\/uploads\/2022\/06\/logo-linkedin-venegas-nexia-70x70.png 70w, https:\/\/www.venegasnexia.com\/wp-content\/uploads\/2022\/06\/logo-linkedin-venegas-nexia-55x55.png 55w\" sizes=\"auto, (max-width: 34px) 100vw, 34px\" \/><\/a>Licda. Ana Garc\u00eda V\u00e1squez, CPA<\/span><\/strong><br \/>\n<strong>Socia de Auditor\u00eda\/\/Audit Partner<br \/>\nO<\/strong>: <a href=\"tel:+506 22317358\">+506 2231-7358<\/a> \u2022 <strong>M<\/strong>: <a href=\"tel:+506 89387675\">+506 8938-7675<\/a> \u2022 <strong><a href=\"agarcia@venegasnexia.com \">E-Mail<\/a><\/strong> -[\/vc_column_text][vc_column_text]<strong><span style=\"color: #33c1ba;\"><a href=\"https:\/\/www.linkedin.com\/in\/nydia-venegas-rom%C3%A1n-25b544a3\/\" target=\"_blank\" rel=\"noopener\"><img loading=\"lazy\" decoding=\"async\" class=\"wp-image-5350 alignleft\" src=\"https:\/\/www.venegasnexia.com\/wp-content\/uploads\/2022\/06\/logo-linkedin-venegas-nexia.png\" alt=\"\" width=\"34\" height=\"34\" srcset=\"https:\/\/www.venegasnexia.com\/wp-content\/uploads\/2022\/06\/logo-linkedin-venegas-nexia.png 100w, https:\/\/www.venegasnexia.com\/wp-content\/uploads\/2022\/06\/logo-linkedin-venegas-nexia-65x65.png 65w, https:\/\/www.venegasnexia.com\/wp-content\/uploads\/2022\/06\/logo-linkedin-venegas-nexia-70x70.png 70w, https:\/\/www.venegasnexia.com\/wp-content\/uploads\/2022\/06\/logo-linkedin-venegas-nexia-55x55.png 55w\" sizes=\"auto, (max-width: 34px) 100vw, 34px\" \/><\/a>Ing. Carlos Prendas Venegas\u00a0<\/span><\/strong><br \/>\n<strong>Socio de Servicios Corporativos\/\/BPO Partner<br \/>\nO<\/strong>: <a href=\"tel:+506 22317358\">+506 2231-7358<\/a> \u2022 <strong>M<\/strong>: <a href=\"tel:+506 88734523\">+506 8873-4523<\/a> \u2022 <strong><a href=\"cprendas@venegasnexia.com \">E-Mail<\/a><\/strong> -[\/vc_column_text][\/vc_column][\/vc_row]<\/p>\n<\/div>","protected":false},"excerpt":{"rendered":"<p>[vc_row][vc_column width=\u00bb1\/2&#8243;][vc_column_text]Licda. Nydia Venegas Rom\u00e1n, CPA, CPI\u00a0 Socia Directora\/\/Managing Partner O: +506 2231-7358 \u2022 M: +506 8938-7675 \u2022 E-Mail -[\/vc_column_text][vc_column_text]Lic. Norman Alfaro Cruz, MAF, CPA, CPI Socio de Impuestos\/\/Tax Partner O: +506 2231-7358 \u2022 M: +506 8938-7675 \u2022 E-Mail[\/vc_column_text][\/vc_column][vc_column width=\u00bb1\/2&#8243;][vc_column_text]Licda. Ana Garc\u00eda V\u00e1squez, CPA Socia de Auditor\u00eda\/\/Audit Partner O: +506 2231-7358 \u2022 M: +506 8938-7675<\/p>\n","protected":false},"author":1,"featured_media":4494,"parent":115,"menu_order":0,"comment_status":"closed","ping_status":"closed","template":"","meta":{"_joinchat":[],"footnotes":""},"class_list":["post-5335","page","type-page","status-publish","has-post-thumbnail","hentry"],"yoast_head":"<!-- This site is optimized with the Yoast SEO plugin v27.3 - https:\/\/yoast.com\/product\/yoast-seo-wordpress\/ -->\n<title>Socios - Venegas Nexia<\/title>\n<meta name=\"robots\" content=\"index, follow, max-snippet:-1, max-image-preview:large, max-video-preview:-1\" \/>\n<link rel=\"canonical\" href=\"https:\/\/www.venegasnexia.com\/es\/acerca-de\/socios\/\" \/>\n<meta property=\"og:locale\" content=\"es_ES\" \/>\n<meta property=\"og:type\" content=\"article\" \/>\n<meta property=\"og:title\" content=\"Socios - Venegas Nexia\" \/>\n<meta property=\"og:description\" content=\"[vc_row][vc_column width=\u00bb1\/2&#8243;][vc_column_text]Licda. Nydia Venegas Rom\u00e1n, CPA, CPI\u00a0 Socia Directora\/\/Managing Partner O: +506 2231-7358 \u2022 M: +506 8938-7675 \u2022 E-Mail -[\/vc_column_text][vc_column_text]Lic. Norman Alfaro Cruz, MAF, CPA, CPI Socio de Impuestos\/\/Tax Partner O: +506 2231-7358 \u2022 M: +506 8938-7675 \u2022 E-Mail[\/vc_column_text][\/vc_column][vc_column width=\u00bb1\/2&#8243;][vc_column_text]Licda. Ana Garc\u00eda V\u00e1squez, CPA Socia de Auditor\u00eda\/\/Audit Partner O: +506 2231-7358 \u2022 M: +506 8938-7675\" \/>\n<meta property=\"og:url\" content=\"https:\/\/www.venegasnexia.com\/es\/acerca-de\/socios\/\" \/>\n<meta property=\"og:site_name\" content=\"Venegas Nexia\" \/>\n<meta property=\"article:modified_time\" content=\"2022-06-13T15:34:44+00:00\" \/>\n<meta property=\"og:image\" content=\"https:\/\/www.venegasnexia.com\/wp-content\/uploads\/2022\/03\/header-actualidad.png\" \/>\n\t<meta property=\"og:image:width\" content=\"1440\" \/>\n\t<meta property=\"og:image:height\" content=\"409\" \/>\n\t<meta property=\"og:image:type\" content=\"image\/png\" \/>\n<meta name=\"twitter:card\" content=\"summary_large_image\" \/>\n<meta name=\"twitter:label1\" content=\"Tiempo de lectura\" \/>\n\t<meta name=\"twitter:data1\" content=\"1 minuto\" \/>\n<script type=\"application\/ld+json\" class=\"yoast-schema-graph\">{\"@context\":\"https:\\\/\\\/schema.org\",\"@graph\":[{\"@type\":\"WebPage\",\"@id\":\"https:\\\/\\\/www.venegasnexia.com\\\/es\\\/acerca-de\\\/socios\\\/\",\"url\":\"https:\\\/\\\/www.venegasnexia.com\\\/es\\\/acerca-de\\\/socios\\\/\",\"name\":\"Socios - Venegas Nexia\",\"isPartOf\":{\"@id\":\"https:\\\/\\\/www.venegasnexia.com\\\/es\\\/#website\"},\"primaryImageOfPage\":{\"@id\":\"https:\\\/\\\/www.venegasnexia.com\\\/es\\\/acerca-de\\\/socios\\\/#primaryimage\"},\"image\":{\"@id\":\"https:\\\/\\\/www.venegasnexia.com\\\/es\\\/acerca-de\\\/socios\\\/#primaryimage\"},\"thumbnailUrl\":\"https:\\\/\\\/www.venegasnexia.com\\\/wp-content\\\/uploads\\\/2022\\\/03\\\/header-actualidad.png\",\"datePublished\":\"2022-06-11T22:10:27+00:00\",\"dateModified\":\"2022-06-13T15:34:44+00:00\",\"breadcrumb\":{\"@id\":\"https:\\\/\\\/www.venegasnexia.com\\\/es\\\/acerca-de\\\/socios\\\/#breadcrumb\"},\"inLanguage\":\"es\",\"potentialAction\":[{\"@type\":\"ReadAction\",\"target\":[\"https:\\\/\\\/www.venegasnexia.com\\\/es\\\/acerca-de\\\/socios\\\/\"]}]},{\"@type\":\"ImageObject\",\"inLanguage\":\"es\",\"@id\":\"https:\\\/\\\/www.venegasnexia.com\\\/es\\\/acerca-de\\\/socios\\\/#primaryimage\",\"url\":\"https:\\\/\\\/www.venegasnexia.com\\\/wp-content\\\/uploads\\\/2022\\\/03\\\/header-actualidad.png\",\"contentUrl\":\"https:\\\/\\\/www.venegasnexia.com\\\/wp-content\\\/uploads\\\/2022\\\/03\\\/header-actualidad.png\",\"width\":1440,\"height\":409},{\"@type\":\"BreadcrumbList\",\"@id\":\"https:\\\/\\\/www.venegasnexia.com\\\/es\\\/acerca-de\\\/socios\\\/#breadcrumb\",\"itemListElement\":[{\"@type\":\"ListItem\",\"position\":1,\"name\":\"Inicio\",\"item\":\"https:\\\/\\\/www.venegasnexia.com\\\/es\\\/\"},{\"@type\":\"ListItem\",\"position\":2,\"name\":\"Acerca de\",\"item\":\"https:\\\/\\\/www.venegasnexia.com\\\/es\\\/acerca-de\\\/\"},{\"@type\":\"ListItem\",\"position\":3,\"name\":\"Socios\"}]},{\"@type\":\"WebSite\",\"@id\":\"https:\\\/\\\/www.venegasnexia.com\\\/es\\\/#website\",\"url\":\"https:\\\/\\\/www.venegasnexia.com\\\/es\\\/\",\"name\":\"Venegas Nexia\",\"description\":\"Auditores y Consultores\",\"publisher\":{\"@id\":\"https:\\\/\\\/www.venegasnexia.com\\\/es\\\/#organization\"},\"alternateName\":\"Venegas y Colegiados Costa Rica\",\"potentialAction\":[{\"@type\":\"SearchAction\",\"target\":{\"@type\":\"EntryPoint\",\"urlTemplate\":\"https:\\\/\\\/www.venegasnexia.com\\\/es\\\/?s={search_term_string}\"},\"query-input\":{\"@type\":\"PropertyValueSpecification\",\"valueRequired\":true,\"valueName\":\"search_term_string\"}}],\"inLanguage\":\"es\"},{\"@type\":\"Organization\",\"@id\":\"https:\\\/\\\/www.venegasnexia.com\\\/es\\\/#organization\",\"name\":\"Venegas Nexia Costa Rica\",\"url\":\"https:\\\/\\\/www.venegasnexia.com\\\/es\\\/\",\"logo\":{\"@type\":\"ImageObject\",\"inLanguage\":\"es\",\"@id\":\"https:\\\/\\\/www.venegasnexia.com\\\/es\\\/#\\\/schema\\\/logo\\\/image\\\/\",\"url\":\"https:\\\/\\\/www.venegasnexia.com\\\/wp-content\\\/uploads\\\/2022\\\/11\\\/logo_nuevo_espanol.png\",\"contentUrl\":\"https:\\\/\\\/www.venegasnexia.com\\\/wp-content\\\/uploads\\\/2022\\\/11\\\/logo_nuevo_espanol.png\",\"width\":704,\"height\":199,\"caption\":\"Venegas Nexia Costa Rica\"},\"image\":{\"@id\":\"https:\\\/\\\/www.venegasnexia.com\\\/es\\\/#\\\/schema\\\/logo\\\/image\\\/\"}}]}<\/script>\n<!-- \/ Yoast SEO plugin. -->","yoast_head_json":{"title":"Socios - Venegas Nexia","robots":{"index":"index","follow":"follow","max-snippet":"max-snippet:-1","max-image-preview":"max-image-preview:large","max-video-preview":"max-video-preview:-1"},"canonical":"https:\/\/www.venegasnexia.com\/es\/acerca-de\/socios\/","og_locale":"es_ES","og_type":"article","og_title":"Socios - Venegas Nexia","og_description":"[vc_row][vc_column width=\u00bb1\/2&#8243;][vc_column_text]Licda. Nydia Venegas Rom\u00e1n, CPA, CPI\u00a0 Socia Directora\/\/Managing Partner O: +506 2231-7358 \u2022 M: +506 8938-7675 \u2022 E-Mail -[\/vc_column_text][vc_column_text]Lic. Norman Alfaro Cruz, MAF, CPA, CPI Socio de Impuestos\/\/Tax Partner O: +506 2231-7358 \u2022 M: +506 8938-7675 \u2022 E-Mail[\/vc_column_text][\/vc_column][vc_column width=\u00bb1\/2&#8243;][vc_column_text]Licda. Ana Garc\u00eda V\u00e1squez, CPA Socia de Auditor\u00eda\/\/Audit Partner O: +506 2231-7358 \u2022 M: +506 8938-7675","og_url":"https:\/\/www.venegasnexia.com\/es\/acerca-de\/socios\/","og_site_name":"Venegas Nexia","article_modified_time":"2022-06-13T15:34:44+00:00","og_image":[{"width":1440,"height":409,"url":"https:\/\/www.venegasnexia.com\/wp-content\/uploads\/2022\/03\/header-actualidad.png","type":"image\/png"}],"twitter_card":"summary_large_image","twitter_misc":{"Tiempo de lectura":"1 minuto"},"schema":{"@context":"https:\/\/schema.org","@graph":[{"@type":"WebPage","@id":"https:\/\/www.venegasnexia.com\/es\/acerca-de\/socios\/","url":"https:\/\/www.venegasnexia.com\/es\/acerca-de\/socios\/","name":"Socios - Venegas Nexia","isPartOf":{"@id":"https:\/\/www.venegasnexia.com\/es\/#website"},"primaryImageOfPage":{"@id":"https:\/\/www.venegasnexia.com\/es\/acerca-de\/socios\/#primaryimage"},"image":{"@id":"https:\/\/www.venegasnexia.com\/es\/acerca-de\/socios\/#primaryimage"},"thumbnailUrl":"https:\/\/www.venegasnexia.com\/wp-content\/uploads\/2022\/03\/header-actualidad.png","datePublished":"2022-06-11T22:10:27+00:00","dateModified":"2022-06-13T15:34:44+00:00","breadcrumb":{"@id":"https:\/\/www.venegasnexia.com\/es\/acerca-de\/socios\/#breadcrumb"},"inLanguage":"es","potentialAction":[{"@type":"ReadAction","target":["https:\/\/www.venegasnexia.com\/es\/acerca-de\/socios\/"]}]},{"@type":"ImageObject","inLanguage":"es","@id":"https:\/\/www.venegasnexia.com\/es\/acerca-de\/socios\/#primaryimage","url":"https:\/\/www.venegasnexia.com\/wp-content\/uploads\/2022\/03\/header-actualidad.png","contentUrl":"https:\/\/www.venegasnexia.com\/wp-content\/uploads\/2022\/03\/header-actualidad.png","width":1440,"height":409},{"@type":"BreadcrumbList","@id":"https:\/\/www.venegasnexia.com\/es\/acerca-de\/socios\/#breadcrumb","itemListElement":[{"@type":"ListItem","position":1,"name":"Inicio","item":"https:\/\/www.venegasnexia.com\/es\/"},{"@type":"ListItem","position":2,"name":"Acerca de","item":"https:\/\/www.venegasnexia.com\/es\/acerca-de\/"},{"@type":"ListItem","position":3,"name":"Socios"}]},{"@type":"WebSite","@id":"https:\/\/www.venegasnexia.com\/es\/#website","url":"https:\/\/www.venegasnexia.com\/es\/","name":"Venegas Nexia","description":"Auditores y Consultores","publisher":{"@id":"https:\/\/www.venegasnexia.com\/es\/#organization"},"alternateName":"Venegas y Colegiados Costa Rica","potentialAction":[{"@type":"SearchAction","target":{"@type":"EntryPoint","urlTemplate":"https:\/\/www.venegasnexia.com\/es\/?s={search_term_string}"},"query-input":{"@type":"PropertyValueSpecification","valueRequired":true,"valueName":"search_term_string"}}],"inLanguage":"es"},{"@type":"Organization","@id":"https:\/\/www.venegasnexia.com\/es\/#organization","name":"Venegas Nexia Costa Rica","url":"https:\/\/www.venegasnexia.com\/es\/","logo":{"@type":"ImageObject","inLanguage":"es","@id":"https:\/\/www.venegasnexia.com\/es\/#\/schema\/logo\/image\/","url":"https:\/\/www.venegasnexia.com\/wp-content\/uploads\/2022\/11\/logo_nuevo_espanol.png","contentUrl":"https:\/\/www.venegasnexia.com\/wp-content\/uploads\/2022\/11\/logo_nuevo_espanol.png","width":704,"height":199,"caption":"Venegas Nexia Costa Rica"},"image":{"@id":"https:\/\/www.venegasnexia.com\/es\/#\/schema\/logo\/image\/"}}]}},"_links":{"self":[{"href":"https:\/\/www.venegasnexia.com\/es\/wp-json\/wp\/v2\/pages\/5335","targetHints":{"allow":["GET"]}}],"collection":[{"href":"https:\/\/www.venegasnexia.com\/es\/wp-json\/wp\/v2\/pages"}],"about":[{"href":"https:\/\/www.venegasnexia.com\/es\/wp-json\/wp\/v2\/types\/page"}],"author":[{"embeddable":true,"href":"https:\/\/www.venegasnexia.com\/es\/wp-json\/wp\/v2\/users\/1"}],"replies":[{"embeddable":true,"href":"https:\/\/www.venegasnexia.com\/es\/wp-json\/wp\/v2\/comments?post=5335"}],"version-history":[{"count":0,"href":"https:\/\/www.venegasnexia.com\/es\/wp-json\/wp\/v2\/pages\/5335\/revisions"}],"up":[{"embeddable":true,"href":"https:\/\/www.venegasnexia.com\/es\/wp-json\/wp\/v2\/pages\/115"}],"wp:featuredmedia":[{"embeddable":true,"href":"https:\/\/www.venegasnexia.com\/es\/wp-json\/wp\/v2\/media\/4494"}],"wp:attachment":[{"href":"https:\/\/www.venegasnexia.com\/es\/wp-json\/wp\/v2\/media?parent=5335"}],"curies":[{"name":"wp","href":"https:\/\/api.w.org\/{rel}","templated":true}]}}