{"id":742,"date":"2017-05-29T12:03:23","date_gmt":"2017-05-29T18:03:23","guid":{"rendered":"http:\/\/dev.venegasycolegiados.com\/?page_id=742"},"modified":"2026-02-26T20:23:06","modified_gmt":"2026-02-27T02:23:06","slug":"contactenos","status":"publish","type":"page","link":"https:\/\/www.venegasnexia.com\/es\/contactenos\/","title":{"rendered":"Cont\u00e1ctenos"},"content":{"rendered":"<div class=\"wpb-content-wrapper\"><p>[vc_row full_width=\u00bbstretch_row_content\u00bb full_height=\u00bbyes\u00bb][vc_column width=\u00bb1\/12&#8243; css=\u00bb.vc_custom_1698966461405{background-color: #08b0a7 !important;}\u00bb][\/vc_column][vc_column width=\u00bb3\/12&#8243; css=\u00bb.vc_custom_1698966865009{background-color: #08b0a7 !important;}\u00bb][vc_custom_heading font_container=\u00bbtag:p|font_size:25|text_align:left|color:%23eeee22|line_height:2&#8243; google_fonts=\u00bbfont_family:Alegreya%3Aregular%2Citalic%2C700%2C700italic%2C900%2C900italic|font_style:700%20bold%20regular%3A700%3Anormal\u00bb css=\u00bb.vc_custom_1698968685486{margin-bottom: 35px !important;border-bottom-width: 1px !important;}\u00bb text=\u00bbCont\u00e1ctenos\u00bb]\n<div class=\"wpcf7 no-js\" id=\"wpcf7-f741-o1\" lang=\"en-US\" dir=\"ltr\" data-wpcf7-id=\"741\">\n<div class=\"screen-reader-response\"><p role=\"status\" aria-live=\"polite\" aria-atomic=\"true\"><\/p> <ul><\/ul><\/div>\n<form action=\"\/es\/wp-json\/wp\/v2\/pages\/742#wpcf7-f741-o1\" method=\"post\" class=\"wpcf7-form init\" aria-label=\"Contact form\" novalidate=\"novalidate\" data-status=\"init\">\n<fieldset class=\"hidden-fields-container\"><input type=\"hidden\" name=\"_wpcf7\" value=\"741\" \/><input type=\"hidden\" name=\"_wpcf7_version\" value=\"6.1.5\" \/><input type=\"hidden\" name=\"_wpcf7_locale\" value=\"en_US\" \/><input type=\"hidden\" name=\"_wpcf7_unit_tag\" value=\"wpcf7-f741-o1\" \/><input type=\"hidden\" name=\"_wpcf7_container_post\" value=\"0\" \/><input type=\"hidden\" name=\"_wpcf7_posted_data_hash\" value=\"\" \/><input type=\"hidden\" name=\"_wpcf7_recaptcha_response\" value=\"\" \/>\n<\/fieldset>\n<p style=\"font-color:red; \"><span class=\"wpcf7-form-control-wrap\" data-name=\"your-name\"><input size=\"40\" maxlength=\"400\" class=\"wpcf7-form-control wpcf7-text wpcf7-validates-as-required venegas-2023\" aria-required=\"true\" aria-invalid=\"false\" placeholder=\"Nombre Completo*\" value=\"\" type=\"text\" name=\"your-name\" \/><\/span>\n<\/p>\n<p><span class=\"wpcf7-form-control-wrap\" data-name=\"your-email\"><input size=\"40\" maxlength=\"400\" class=\"wpcf7-form-control wpcf7-email wpcf7-validates-as-required wpcf7-text wpcf7-validates-as-email venegas-2023\" aria-required=\"true\" aria-invalid=\"false\" placeholder=\"Correo Electr\u00f3nico*\" value=\"\" type=\"email\" name=\"your-email\" \/><\/span>\n<\/p>\n<p><span class=\"wpcf7-form-control-wrap\" data-name=\"text-119\"><input size=\"40\" maxlength=\"400\" class=\"wpcf7-form-control wpcf7-text venegas-2023\" aria-invalid=\"false\" placeholder=\"N\u00famero telef\u00f3nico\" value=\"\" type=\"text\" name=\"text-119\" \/><\/span>\n<\/p>\n<p><span class=\"wpcf7-form-control-wrap\" data-name=\"your-subject\"><input size=\"40\" maxlength=\"400\" class=\"wpcf7-form-control wpcf7-text wpcf7-validates-as-required venegas-2023\" aria-required=\"true\" aria-invalid=\"false\" placeholder=\"Asunto*\" value=\"\" type=\"text\" name=\"your-subject\" \/><\/span>\n<\/p>\n<p><span class=\"wpcf7-form-control-wrap\" data-name=\"your-message\"><textarea cols=\"40\" rows=\"10\" maxlength=\"2000\" class=\"wpcf7-form-control wpcf7-textarea wpcf7-validates-as-required venegas-2023\" aria-required=\"true\" aria-invalid=\"false\" placeholder=\"Mensaje*\" name=\"your-message\"><\/textarea><\/span>\n<\/p>\n<p align=\"right\"><input class=\"wpcf7-form-control wpcf7-submit has-spinner venegas-btn\" type=\"submit\" value=\"ENVIAR\" \/>\n<\/p><p style=\"display: none !important;\" class=\"akismet-fields-container\" data-prefix=\"_wpcf7_ak_\"><label>&#916;<textarea name=\"_wpcf7_ak_hp_textarea\" cols=\"45\" rows=\"8\" maxlength=\"100\"><\/textarea><\/label><input type=\"hidden\" id=\"ak_js_1\" name=\"_wpcf7_ak_js\" value=\"232\"\/><script>document.getElementById( \"ak_js_1\" ).setAttribute( \"value\", ( new Date() ).getTime() );<\/script><\/p><div class=\"wpcf7-response-output\" aria-hidden=\"true\"><\/div>\n<\/form>\n<\/div>\n[vc_custom_heading font_container=\u00bbtag:p|font_size:25|text_align:left|color:%23eeee22|line_height:2&#8243; google_fonts=\u00bbfont_family:Alegreya%3Aregular%2Citalic%2C700%2C700italic%2C900%2C900italic|font_style:700%20bold%20regular%3A700%3Anormal\u00bb css=\u00bb.vc_custom_1698968463678{margin-bottom: 35px !important;border-bottom-width: 1px !important;}\u00bb text=\u00bbInformaci\u00f3n\u00bb][vc_column_text]<\/p>\n<p style=\"text-align: justify;\"><span style=\"color: #ffffff;\"><strong><span style=\"font-size: 17px;\">Venegas Nexia<\/span><\/strong><\/span><\/p>\n<p style=\"text-align: justify;\"><span style=\"color: #ffffff;\">50 metros norte del Centro<br \/>\nNacional de Alta Tecnolog\u00eda<br \/>\n(CENAT). Rohrmoser, Pavas,<br \/>\nSan Jos\u00e9, Costa Rica \u2013 10109<\/span><\/p>\n<p style=\"text-align: justify;\"><span style=\"font-size: 17px; color: #ffffff;\"><strong>Tel\u00e9fono<\/strong>:<br \/>\n+506 2231-7358<\/span><\/p>\n<p style=\"text-align: justify;\"><span style=\"color: #ffffff;\"><span style=\"font-size: 17px;\"><strong>E-mail<\/strong>:<br \/>\n<\/span><span style=\"font-size: 17px;\">\u00a0 \u00a0<\/span><span style=\"font-size: 17px;\"><a style=\"color: #ffffff;\" href=\"mailto:info@venegasnexia.com\">info@venegasnexia.com<\/a><\/span><\/span><\/p>\n<p style=\"text-align: justify;\"><span style=\"color: #ffffff;\"><span style=\"font-size: 17px;\"><strong>Web<\/strong>:<br \/>\n<\/span><span style=\"font-size: 17px;\"><a style=\"color: #ffffff;\" href=\"http:\/\/www.venegasnexia.com\">venegasnexia.com<\/a><\/span><\/span>[\/vc_column_text][\/vc_column][vc_column width=\u00bb8\/12&#8243; css=\u00bb.vc_custom_1699045802409{padding-right: 0px !important;padding-left: 5px !important;}\u00bb el_class=\u00bbocultar-div\u00bb][vc_gmaps link=\u00bb#E-8_JTNDaWZyYW1lJTIwc3JjJTNEJTIyaHR0cHMlM0ElMkYlMkZ3d3cuZ29vZ2xlLmNvbSUyRm1hcHMlMkZlbWJlZCUzRnBiJTNEJTIxMW0xOCUyMTFtMTIlMjExbTMlMjExZDM5MjkuNzg5ODY3MjQ1NDc0NCUyMTJkLTg0LjEyODUwNjcyNDE2NzM3JTIxM2Q5Ljk1MTQzMzk3Mzg2NjkyMSUyMTJtMyUyMTFmMCUyMTJmMCUyMTNmMCUyMTNtMiUyMTFpMTAyNCUyMTJpNzY4JTIxNGYxMy4xJTIxM20zJTIxMW0yJTIxMXMweDhmYTBmYjY4NjEwYTE5MjklMjUzQTB4ZWYwNzgzYjRlMTFiNmU0ZCUyMTJzVmVuZWdhcyUyNTIwTmV4aWElMjE1ZTAlMjEzbTIlMjExc2VzLTQxOSUyMTJzY3IlMjE0djE2OTg5NjkzNTk3NjAlMjE1bTIlMjExc2VzLTQxOSUyMTJzY3IlMjIlMjB3aWR0aCUzRCUyMjEwMCUyNSUyMiUyMGhlaWdodCUzRCUyMjExMDBweCUyMiUyMHN0eWxlJTNEJTIyYm9yZGVyJTNBMCUzQiUyMiUyMGFsbG93ZnVsbHNjcmVlbiUzRCUyMiUyMiUyMGxvYWRpbmclM0QlMjJsYXp5JTIyJTIwcmVmZXJyZXJwb2xpY3klM0QlMjJuby1yZWZlcnJlci13aGVuLWRvd25ncmFkZSUyMiUzRSUzQyUyRmlmcmFtZSUzRQ==\u00bb css=\u00bb.vc_custom_1698970636111{margin-bottom: 0px !important;padding-bottom: 0px !important;}\u00bb size=\u00bbstandard\u00bb][\/vc_column][\/vc_row][vc_row][vc_column]<div class=\"elegant-empty-space space-vertical elegant-clearfix\" style=\"height:20px;\"><\/div>[\/vc_column][\/vc_row]<\/p>\n<\/div>","protected":false},"excerpt":{"rendered":"<p>[vc_row full_width=\u00bbstretch_row_content\u00bb full_height=\u00bbyes\u00bb][vc_column width=\u00bb1\/12&#8243; css=\u00bb.vc_custom_1698966461405{background-color: #08b0a7 !important;}\u00bb][\/vc_column][vc_column width=\u00bb3\/12&#8243; css=\u00bb.vc_custom_1698966865009{background-color: #08b0a7 !important;}\u00bb][vc_custom_heading font_container=\u00bbtag:p|font_size:25|text_align:left|color:%23eeee22|line_height:2&#8243; google_fonts=\u00bbfont_family:Alegreya%3Aregular%2Citalic%2C700%2C700italic%2C900%2C900italic|font_style:700%20bold%20regular%3A700%3Anormal\u00bb css=\u00bb.vc_custom_1698968685486{margin-bottom: 35px !important;border-bottom-width: 1px !important;}\u00bb text=\u00bbCont\u00e1ctenos\u00bb][vc_custom_heading font_container=\u00bbtag:p|font_size:25|text_align:left|color:%23eeee22|line_height:2&#8243; google_fonts=\u00bbfont_family:Alegreya%3Aregular%2Citalic%2C700%2C700italic%2C900%2C900italic|font_style:700%20bold%20regular%3A700%3Anormal\u00bb css=\u00bb.vc_custom_1698968463678{margin-bottom: 35px !important;border-bottom-width: 1px !important;}\u00bb text=\u00bbInformaci\u00f3n\u00bb][vc_column_text] Venegas Nexia 50 metros norte del Centro Nacional de Alta Tecnolog\u00eda (CENAT). Rohrmoser, Pavas, San Jos\u00e9, Costa Rica \u2013 10109 Tel\u00e9fono: +506 2231-7358 E-mail: \u00a0 \u00a0info@venegasnexia.com Web: venegasnexia.com[\/vc_column_text][\/vc_column][vc_column<\/p>\n","protected":false},"author":1,"featured_media":0,"parent":0,"menu_order":0,"comment_status":"closed","ping_status":"closed","template":"tpl-visual_composer.php","meta":{"_joinchat":[],"footnotes":""},"class_list":["post-742","page","type-page","status-publish","hentry"],"yoast_head":"<!-- This site is optimized with the Yoast SEO plugin v27.3 - https:\/\/yoast.com\/product\/yoast-seo-wordpress\/ -->\n<title>Cont\u00e1ctenos - Venegas Nexia<\/title>\n<meta name=\"description\" content=\"Venegas Nexia: 50 metros norte del Centro Nacional de Alta Tecnolog\u00eda(CENAT). Rohrmoser, Pavas,San Jos\u00e9, Costa Rica \u2013 10109\" \/>\n<meta name=\"robots\" content=\"index, follow, max-snippet:-1, max-image-preview:large, max-video-preview:-1\" \/>\n<link rel=\"canonical\" href=\"https:\/\/www.venegasnexia.com\/es\/contactenos\/\" \/>\n<meta property=\"og:locale\" content=\"es_ES\" \/>\n<meta property=\"og:type\" content=\"article\" \/>\n<meta property=\"og:title\" content=\"Cont\u00e1ctenos - Venegas Nexia\" \/>\n<meta property=\"og:description\" content=\"Venegas Nexia: 50 metros norte del Centro Nacional de Alta Tecnolog\u00eda(CENAT). Rohrmoser, Pavas,San Jos\u00e9, Costa Rica \u2013 10109\" \/>\n<meta property=\"og:url\" content=\"https:\/\/www.venegasnexia.com\/es\/contactenos\/\" \/>\n<meta property=\"og:site_name\" content=\"Venegas Nexia\" \/>\n<meta property=\"article:modified_time\" content=\"2026-02-27T02:23:06+00:00\" \/>\n<meta name=\"twitter:card\" content=\"summary_large_image\" \/>\n<meta name=\"twitter:label1\" content=\"Tiempo de lectura\" \/>\n\t<meta name=\"twitter:data1\" content=\"1 minuto\" \/>\n<script type=\"application\/ld+json\" class=\"yoast-schema-graph\">{\"@context\":\"https:\\\/\\\/schema.org\",\"@graph\":[{\"@type\":\"WebPage\",\"@id\":\"https:\\\/\\\/www.venegasnexia.com\\\/es\\\/contactenos\\\/\",\"url\":\"https:\\\/\\\/www.venegasnexia.com\\\/es\\\/contactenos\\\/\",\"name\":\"Cont\u00e1ctenos - Venegas Nexia\",\"isPartOf\":{\"@id\":\"https:\\\/\\\/www.venegasnexia.com\\\/es\\\/#website\"},\"datePublished\":\"2017-05-29T18:03:23+00:00\",\"dateModified\":\"2026-02-27T02:23:06+00:00\",\"description\":\"Venegas Nexia: 50 metros norte del Centro Nacional de Alta Tecnolog\u00eda(CENAT). Rohrmoser, Pavas,San Jos\u00e9, Costa Rica \u2013 10109\",\"breadcrumb\":{\"@id\":\"https:\\\/\\\/www.venegasnexia.com\\\/es\\\/contactenos\\\/#breadcrumb\"},\"inLanguage\":\"es\",\"potentialAction\":[{\"@type\":\"ReadAction\",\"target\":[\"https:\\\/\\\/www.venegasnexia.com\\\/es\\\/contactenos\\\/\"]}]},{\"@type\":\"BreadcrumbList\",\"@id\":\"https:\\\/\\\/www.venegasnexia.com\\\/es\\\/contactenos\\\/#breadcrumb\",\"itemListElement\":[{\"@type\":\"ListItem\",\"position\":1,\"name\":\"Inicio\",\"item\":\"https:\\\/\\\/www.venegasnexia.com\\\/es\\\/\"},{\"@type\":\"ListItem\",\"position\":2,\"name\":\"Cont\u00e1ctenos\"}]},{\"@type\":\"WebSite\",\"@id\":\"https:\\\/\\\/www.venegasnexia.com\\\/es\\\/#website\",\"url\":\"https:\\\/\\\/www.venegasnexia.com\\\/es\\\/\",\"name\":\"Venegas Nexia\",\"description\":\"Auditores y Consultores\",\"publisher\":{\"@id\":\"https:\\\/\\\/www.venegasnexia.com\\\/es\\\/#organization\"},\"alternateName\":\"Venegas y Colegiados Costa Rica\",\"potentialAction\":[{\"@type\":\"SearchAction\",\"target\":{\"@type\":\"EntryPoint\",\"urlTemplate\":\"https:\\\/\\\/www.venegasnexia.com\\\/es\\\/?s={search_term_string}\"},\"query-input\":{\"@type\":\"PropertyValueSpecification\",\"valueRequired\":true,\"valueName\":\"search_term_string\"}}],\"inLanguage\":\"es\"},{\"@type\":\"Organization\",\"@id\":\"https:\\\/\\\/www.venegasnexia.com\\\/es\\\/#organization\",\"name\":\"Venegas Nexia Costa Rica\",\"url\":\"https:\\\/\\\/www.venegasnexia.com\\\/es\\\/\",\"logo\":{\"@type\":\"ImageObject\",\"inLanguage\":\"es\",\"@id\":\"https:\\\/\\\/www.venegasnexia.com\\\/es\\\/#\\\/schema\\\/logo\\\/image\\\/\",\"url\":\"https:\\\/\\\/www.venegasnexia.com\\\/wp-content\\\/uploads\\\/2022\\\/11\\\/logo_nuevo_espanol.png\",\"contentUrl\":\"https:\\\/\\\/www.venegasnexia.com\\\/wp-content\\\/uploads\\\/2022\\\/11\\\/logo_nuevo_espanol.png\",\"width\":704,\"height\":199,\"caption\":\"Venegas Nexia Costa Rica\"},\"image\":{\"@id\":\"https:\\\/\\\/www.venegasnexia.com\\\/es\\\/#\\\/schema\\\/logo\\\/image\\\/\"}}]}<\/script>\n<!-- \/ Yoast SEO plugin. -->","yoast_head_json":{"title":"Cont\u00e1ctenos - Venegas Nexia","description":"Venegas Nexia: 50 metros norte del Centro Nacional de Alta Tecnolog\u00eda(CENAT). Rohrmoser, Pavas,San Jos\u00e9, Costa Rica \u2013 10109","robots":{"index":"index","follow":"follow","max-snippet":"max-snippet:-1","max-image-preview":"max-image-preview:large","max-video-preview":"max-video-preview:-1"},"canonical":"https:\/\/www.venegasnexia.com\/es\/contactenos\/","og_locale":"es_ES","og_type":"article","og_title":"Cont\u00e1ctenos - Venegas Nexia","og_description":"Venegas Nexia: 50 metros norte del Centro Nacional de Alta Tecnolog\u00eda(CENAT). Rohrmoser, Pavas,San Jos\u00e9, Costa Rica \u2013 10109","og_url":"https:\/\/www.venegasnexia.com\/es\/contactenos\/","og_site_name":"Venegas Nexia","article_modified_time":"2026-02-27T02:23:06+00:00","twitter_card":"summary_large_image","twitter_misc":{"Tiempo de lectura":"1 minuto"},"schema":{"@context":"https:\/\/schema.org","@graph":[{"@type":"WebPage","@id":"https:\/\/www.venegasnexia.com\/es\/contactenos\/","url":"https:\/\/www.venegasnexia.com\/es\/contactenos\/","name":"Cont\u00e1ctenos - Venegas Nexia","isPartOf":{"@id":"https:\/\/www.venegasnexia.com\/es\/#website"},"datePublished":"2017-05-29T18:03:23+00:00","dateModified":"2026-02-27T02:23:06+00:00","description":"Venegas Nexia: 50 metros norte del Centro Nacional de Alta Tecnolog\u00eda(CENAT). Rohrmoser, Pavas,San Jos\u00e9, Costa Rica \u2013 10109","breadcrumb":{"@id":"https:\/\/www.venegasnexia.com\/es\/contactenos\/#breadcrumb"},"inLanguage":"es","potentialAction":[{"@type":"ReadAction","target":["https:\/\/www.venegasnexia.com\/es\/contactenos\/"]}]},{"@type":"BreadcrumbList","@id":"https:\/\/www.venegasnexia.com\/es\/contactenos\/#breadcrumb","itemListElement":[{"@type":"ListItem","position":1,"name":"Inicio","item":"https:\/\/www.venegasnexia.com\/es\/"},{"@type":"ListItem","position":2,"name":"Cont\u00e1ctenos"}]},{"@type":"WebSite","@id":"https:\/\/www.venegasnexia.com\/es\/#website","url":"https:\/\/www.venegasnexia.com\/es\/","name":"Venegas Nexia","description":"Auditores y Consultores","publisher":{"@id":"https:\/\/www.venegasnexia.com\/es\/#organization"},"alternateName":"Venegas y Colegiados Costa Rica","potentialAction":[{"@type":"SearchAction","target":{"@type":"EntryPoint","urlTemplate":"https:\/\/www.venegasnexia.com\/es\/?s={search_term_string}"},"query-input":{"@type":"PropertyValueSpecification","valueRequired":true,"valueName":"search_term_string"}}],"inLanguage":"es"},{"@type":"Organization","@id":"https:\/\/www.venegasnexia.com\/es\/#organization","name":"Venegas Nexia Costa Rica","url":"https:\/\/www.venegasnexia.com\/es\/","logo":{"@type":"ImageObject","inLanguage":"es","@id":"https:\/\/www.venegasnexia.com\/es\/#\/schema\/logo\/image\/","url":"https:\/\/www.venegasnexia.com\/wp-content\/uploads\/2022\/11\/logo_nuevo_espanol.png","contentUrl":"https:\/\/www.venegasnexia.com\/wp-content\/uploads\/2022\/11\/logo_nuevo_espanol.png","width":704,"height":199,"caption":"Venegas Nexia Costa Rica"},"image":{"@id":"https:\/\/www.venegasnexia.com\/es\/#\/schema\/logo\/image\/"}}]}},"_links":{"self":[{"href":"https:\/\/www.venegasnexia.com\/es\/wp-json\/wp\/v2\/pages\/742","targetHints":{"allow":["GET"]}}],"collection":[{"href":"https:\/\/www.venegasnexia.com\/es\/wp-json\/wp\/v2\/pages"}],"about":[{"href":"https:\/\/www.venegasnexia.com\/es\/wp-json\/wp\/v2\/types\/page"}],"author":[{"embeddable":true,"href":"https:\/\/www.venegasnexia.com\/es\/wp-json\/wp\/v2\/users\/1"}],"replies":[{"embeddable":true,"href":"https:\/\/www.venegasnexia.com\/es\/wp-json\/wp\/v2\/comments?post=742"}],"version-history":[{"count":1,"href":"https:\/\/www.venegasnexia.com\/es\/wp-json\/wp\/v2\/pages\/742\/revisions"}],"predecessor-version":[{"id":13761,"href":"https:\/\/www.venegasnexia.com\/es\/wp-json\/wp\/v2\/pages\/742\/revisions\/13761"}],"wp:attachment":[{"href":"https:\/\/www.venegasnexia.com\/es\/wp-json\/wp\/v2\/media?parent=742"}],"curies":[{"name":"wp","href":"https:\/\/api.w.org\/{rel}","templated":true}]}}