{"id":940,"date":"2017-10-21T22:32:43","date_gmt":"2017-10-22T04:32:43","guid":{"rendered":"http:\/\/dev.venegasycolegiados.com\/?page_id=940"},"modified":"2023-10-12T12:00:20","modified_gmt":"2023-10-12T18:00:20","slug":"representacion-internacional","status":"publish","type":"page","link":"https:\/\/www.venegasnexia.com\/es\/acerca-de\/representacion-internacional\/","title":{"rendered":"Representaci\u00f3n Internacional"},"content":{"rendered":"<div class=\"wpb-content-wrapper\"><p>[vc_row][vc_column width=\u00bb1\/6&#8243;][vc_separator style=\u00bbshadow\u00bb][\/vc_column][vc_column width=\u00bb2\/3&#8243;][vc_column_text]<\/p>\n<h1>Experiencia local, Alcance Global<\/h1>\n<p>[\/vc_column_text][\/vc_column][vc_column width=\u00bb1\/6&#8243;][\/vc_column][\/vc_row][vc_row full_width=\u00bbstretch_row_content\u00bb][vc_column width=\u00bb1\/6&#8243;][\/vc_column][vc_column width=\u00bb1\/6&#8243;][vc_message message_box_color=\u00bbalert-success\u00bb icon_fontawesome=\u00bbfa fa-flag\u00bb]Nexia International es una red mundial l\u00edder de firmas auditoras y consultoras independientes de alta calidad que tiene como objetivo apoyar a las organizaciones e individuos, con una visi\u00f3n internacional, a satisfacer sus necesidades financieras y de negocios.[\/vc_message][vc_column_text]<\/p>\n<p style=\"text-align: justify;\">Nuestras firmas miembro proveen servicios de auditor\u00eda, contabilidad, asesoramiento en impuestos y consultor\u00edas con el fin de guiarle a trav\u00e9s de un entorno global financiero y de negocios cada vez m\u00e1s complejo.<\/p>\n<p><img loading=\"lazy\" decoding=\"async\" class=\"alignnone size-medium wp-image-734\" src=\"http:\/\/dev.venegasycolegiados.com\/wp-content\/uploads\/2017\/05\/stock-photo-creative-woman-working-with-computer-in-the-office-372864847-300x141.jpg\" alt=\"\" width=\"300\" height=\"141\" srcset=\"https:\/\/www.venegasnexia.com\/wp-content\/uploads\/2017\/05\/stock-photo-creative-woman-working-with-computer-in-the-office-372864847-300x141.jpg 300w, https:\/\/www.venegasnexia.com\/wp-content\/uploads\/2017\/05\/stock-photo-creative-woman-working-with-computer-in-the-office-372864847-600x281.jpg 600w, https:\/\/www.venegasnexia.com\/wp-content\/uploads\/2017\/05\/stock-photo-creative-woman-working-with-computer-in-the-office-372864847-768x360.jpg 768w, https:\/\/www.venegasnexia.com\/wp-content\/uploads\/2017\/05\/stock-photo-creative-woman-working-with-computer-in-the-office-372864847-1024x480.jpg 1024w, https:\/\/www.venegasnexia.com\/wp-content\/uploads\/2017\/05\/stock-photo-creative-woman-working-with-computer-in-the-office-372864847.jpg 1500w\" sizes=\"auto, (max-width: 300px) 100vw, 300px\" \/>[\/vc_column_text][\/vc_column][vc_column width=\u00bb1\/6&#8243;][vc_column_text]<\/p>\n<p style=\"text-align: justify;\"><img loading=\"lazy\" decoding=\"async\" class=\"size-medium wp-image-817 aligncenter\" src=\"\/wp-content\/uploads\/2016\/09\/video-venegas-y-nexia-e1504910195175-300x204.png\" alt=\"\" width=\"300\" height=\"204\" \/>De manera conjunta, sus firmas miembro proveen:<\/p>\n<ul>\n<li style=\"text-align: justify;\">Experiencia local y conexiones en todo los lugares clave alrededor del mundo<\/li>\n<li style=\"text-align: justify;\">Asesoramiento continuo de personal acostumbrado a trabajar en conjunto<\/li>\n<li style=\"text-align: justify;\">Servicios efectivos dise\u00f1ados para satisfacer sus necesidades financieras y de negocio.<\/li>\n<li style=\"text-align: justify;\">Calidad consistente y excelencia en el servicio dondequiera que realice negocios<\/li>\n<li style=\"text-align: justify;\">Experiencia y prestigio constatable<\/li>\n<\/ul>\n<p>[\/vc_column_text][\/vc_column][vc_column width=\u00bb1\/6&#8243;][vc_message style=\u00bbsquare\u00bb message_box_color=\u00bbsuccess\u00bb icon_fontawesome=\u00bbfa fa-star\u00bb]<\/p>\n<p style=\"text-align: justify;\"><strong>Nexia International<\/strong>\u00a0ha sido nombrado miembro titular del Foro de Firmas \u2013 nombramiento que constata su cultura de aseguramiento de la calidad coordinada a nivel global. \u00a0El Foro de Firmas es una asociaci\u00f3n the redes internacionales de firmas de contabilidad que tienen como objetivo promover est\u00e1ndares consistentes de alta calidad para el reporte financiero y la pr\u00e1ctica de auditor\u00edas a nivel mundial.<\/p>\n<p>[\/vc_message][vc_column_text]<\/p>\n<p style=\"text-align: justify;\">Para obtener el status de miembro titular, Nexia International debe comprometerse a cumplir con las obligaciones de los miembros del Foro, que requiere de los miembros:<\/p>\n<p>[\/vc_column_text][\/vc_column][vc_column width=\u00bb1\/6&#8243;][vc_column_text]<\/p>\n<ul>\n<li style=\"text-align: justify;\">Mantener est\u00e1ndares apropiados de calidad de acuerdo con las Normas Internacionales de Control de Calidad, emitidas por el Consejo de Normas Internacionales de Contabilidad y Auditor\u00edas (IAASB, por sus siglas en ingl\u00e9s) adem\u00e1s de est\u00e1ndares de control de calidad y de conducta relevantes a nivel nacional, que no sean prohibidas por regulaciones nacionales, con revisiones de aseguramiento de la calidad coordinadas regularmente de forma global.<\/li>\n<li style=\"text-align: justify;\">Contar con pol\u00edticas y procedimientos para llevar a cabo auditor\u00edas transnacinales que est\u00e9n basadas, en los t\u00e9rminos en que aplique, en los Est\u00e1ndares Internacionales de Auditor\u00eda (ISAs, por sus siglas en inl\u00e9s), emitidas por el IAASB; y<\/li>\n<li style=\"text-align: justify;\">Contar con pol\u00edticas y procedimientos conformes al C\u00f3digo de \u00c9tica para Profesionales Contables del Consejo de Normas Internacionales de \u00c9tica\u00a0para\u00a0Contadores (IESBA) y los c\u00f3digos de \u00e9tica a nivel nacional.<\/li>\n<\/ul>\n<p>[\/vc_column_text][\/vc_column][vc_column width=\u00bb1\/6&#8243;][\/vc_column][\/vc_row]<\/p>\n<\/div>","protected":false},"excerpt":{"rendered":"<p>[vc_row][vc_column width=\u00bb1\/6&#8243;][vc_separator style=\u00bbshadow\u00bb][\/vc_column][vc_column width=\u00bb2\/3&#8243;][vc_column_text] Experiencia local, Alcance Global [\/vc_column_text][\/vc_column][vc_column width=\u00bb1\/6&#8243;][\/vc_column][\/vc_row][vc_row full_width=\u00bbstretch_row_content\u00bb][vc_column width=\u00bb1\/6&#8243;][\/vc_column][vc_column width=\u00bb1\/6&#8243;][vc_message message_box_color=\u00bbalert-success\u00bb icon_fontawesome=\u00bbfa fa-flag\u00bb]Nexia International es una red mundial l\u00edder de firmas auditoras y consultoras independientes de alta calidad que tiene como objetivo apoyar a las organizaciones e individuos, con una visi\u00f3n internacional, a satisfacer sus necesidades financieras y de negocios.[\/vc_message][vc_column_text] Nuestras firmas<\/p>\n","protected":false},"author":1,"featured_media":0,"parent":115,"menu_order":0,"comment_status":"closed","ping_status":"closed","template":"tpl-visual_composer.php","meta":{"_joinchat":[],"footnotes":""},"class_list":["post-940","page","type-page","status-publish","hentry"],"yoast_head":"<!-- This site is optimized with the Yoast SEO plugin v27.3 - https:\/\/yoast.com\/product\/yoast-seo-wordpress\/ -->\n<title>Representaci\u00f3n Internacional - Venegas Nexia<\/title>\n<meta name=\"robots\" content=\"index, follow, max-snippet:-1, max-image-preview:large, max-video-preview:-1\" \/>\n<link rel=\"canonical\" href=\"https:\/\/www.venegasnexia.com\/es\/acerca-de\/representacion-internacional\/\" \/>\n<meta property=\"og:locale\" content=\"es_ES\" \/>\n<meta property=\"og:type\" content=\"article\" \/>\n<meta property=\"og:title\" content=\"Representaci\u00f3n Internacional - Venegas Nexia\" \/>\n<meta property=\"og:description\" content=\"[vc_row][vc_column width=\u00bb1\/6&#8243;][vc_separator style=\u00bbshadow\u00bb][\/vc_column][vc_column width=\u00bb2\/3&#8243;][vc_column_text] Experiencia local, Alcance Global [\/vc_column_text][\/vc_column][vc_column width=\u00bb1\/6&#8243;][\/vc_column][\/vc_row][vc_row full_width=\u00bbstretch_row_content\u00bb][vc_column width=\u00bb1\/6&#8243;][\/vc_column][vc_column width=\u00bb1\/6&#8243;][vc_message message_box_color=\u00bbalert-success\u00bb icon_fontawesome=\u00bbfa fa-flag\u00bb]Nexia International es una red mundial l\u00edder de firmas auditoras y consultoras independientes de alta calidad que tiene como objetivo apoyar a las organizaciones e individuos, con una visi\u00f3n internacional, a satisfacer sus necesidades financieras y de negocios.[\/vc_message][vc_column_text] Nuestras firmas\" \/>\n<meta property=\"og:url\" content=\"https:\/\/www.venegasnexia.com\/es\/acerca-de\/representacion-internacional\/\" \/>\n<meta property=\"og:site_name\" content=\"Venegas Nexia\" \/>\n<meta property=\"article:modified_time\" content=\"2023-10-12T18:00:20+00:00\" \/>\n<meta property=\"og:image\" content=\"http:\/\/dev.venegasycolegiados.com\/wp-content\/uploads\/2017\/05\/stock-photo-creative-woman-working-with-computer-in-the-office-372864847-300x141.jpg\" \/>\n<meta name=\"twitter:card\" content=\"summary_large_image\" \/>\n<meta name=\"twitter:label1\" content=\"Tiempo de lectura\" \/>\n\t<meta name=\"twitter:data1\" content=\"2 minutos\" \/>\n<script type=\"application\/ld+json\" class=\"yoast-schema-graph\">{\"@context\":\"https:\\\/\\\/schema.org\",\"@graph\":[{\"@type\":\"WebPage\",\"@id\":\"https:\\\/\\\/www.venegasnexia.com\\\/es\\\/acerca-de\\\/representacion-internacional\\\/\",\"url\":\"https:\\\/\\\/www.venegasnexia.com\\\/es\\\/acerca-de\\\/representacion-internacional\\\/\",\"name\":\"Representaci\u00f3n Internacional - Venegas Nexia\",\"isPartOf\":{\"@id\":\"https:\\\/\\\/www.venegasnexia.com\\\/es\\\/#website\"},\"primaryImageOfPage\":{\"@id\":\"https:\\\/\\\/www.venegasnexia.com\\\/es\\\/acerca-de\\\/representacion-internacional\\\/#primaryimage\"},\"image\":{\"@id\":\"https:\\\/\\\/www.venegasnexia.com\\\/es\\\/acerca-de\\\/representacion-internacional\\\/#primaryimage\"},\"thumbnailUrl\":\"http:\\\/\\\/dev.venegasycolegiados.com\\\/wp-content\\\/uploads\\\/2017\\\/05\\\/stock-photo-creative-woman-working-with-computer-in-the-office-372864847-300x141.jpg\",\"datePublished\":\"2017-10-22T04:32:43+00:00\",\"dateModified\":\"2023-10-12T18:00:20+00:00\",\"breadcrumb\":{\"@id\":\"https:\\\/\\\/www.venegasnexia.com\\\/es\\\/acerca-de\\\/representacion-internacional\\\/#breadcrumb\"},\"inLanguage\":\"es\",\"potentialAction\":[{\"@type\":\"ReadAction\",\"target\":[\"https:\\\/\\\/www.venegasnexia.com\\\/es\\\/acerca-de\\\/representacion-internacional\\\/\"]}]},{\"@type\":\"ImageObject\",\"inLanguage\":\"es\",\"@id\":\"https:\\\/\\\/www.venegasnexia.com\\\/es\\\/acerca-de\\\/representacion-internacional\\\/#primaryimage\",\"url\":\"http:\\\/\\\/dev.venegasycolegiados.com\\\/wp-content\\\/uploads\\\/2017\\\/05\\\/stock-photo-creative-woman-working-with-computer-in-the-office-372864847-300x141.jpg\",\"contentUrl\":\"http:\\\/\\\/dev.venegasycolegiados.com\\\/wp-content\\\/uploads\\\/2017\\\/05\\\/stock-photo-creative-woman-working-with-computer-in-the-office-372864847-300x141.jpg\"},{\"@type\":\"BreadcrumbList\",\"@id\":\"https:\\\/\\\/www.venegasnexia.com\\\/es\\\/acerca-de\\\/representacion-internacional\\\/#breadcrumb\",\"itemListElement\":[{\"@type\":\"ListItem\",\"position\":1,\"name\":\"Inicio\",\"item\":\"https:\\\/\\\/www.venegasnexia.com\\\/es\\\/\"},{\"@type\":\"ListItem\",\"position\":2,\"name\":\"Acerca de\",\"item\":\"https:\\\/\\\/www.venegasnexia.com\\\/es\\\/acerca-de\\\/\"},{\"@type\":\"ListItem\",\"position\":3,\"name\":\"Representaci\u00f3n Internacional\"}]},{\"@type\":\"WebSite\",\"@id\":\"https:\\\/\\\/www.venegasnexia.com\\\/es\\\/#website\",\"url\":\"https:\\\/\\\/www.venegasnexia.com\\\/es\\\/\",\"name\":\"Venegas Nexia\",\"description\":\"Auditores y Consultores\",\"publisher\":{\"@id\":\"https:\\\/\\\/www.venegasnexia.com\\\/es\\\/#organization\"},\"alternateName\":\"Venegas y Colegiados Costa Rica\",\"potentialAction\":[{\"@type\":\"SearchAction\",\"target\":{\"@type\":\"EntryPoint\",\"urlTemplate\":\"https:\\\/\\\/www.venegasnexia.com\\\/es\\\/?s={search_term_string}\"},\"query-input\":{\"@type\":\"PropertyValueSpecification\",\"valueRequired\":true,\"valueName\":\"search_term_string\"}}],\"inLanguage\":\"es\"},{\"@type\":\"Organization\",\"@id\":\"https:\\\/\\\/www.venegasnexia.com\\\/es\\\/#organization\",\"name\":\"Venegas Nexia Costa Rica\",\"url\":\"https:\\\/\\\/www.venegasnexia.com\\\/es\\\/\",\"logo\":{\"@type\":\"ImageObject\",\"inLanguage\":\"es\",\"@id\":\"https:\\\/\\\/www.venegasnexia.com\\\/es\\\/#\\\/schema\\\/logo\\\/image\\\/\",\"url\":\"https:\\\/\\\/www.venegasnexia.com\\\/wp-content\\\/uploads\\\/2022\\\/11\\\/logo_nuevo_espanol.png\",\"contentUrl\":\"https:\\\/\\\/www.venegasnexia.com\\\/wp-content\\\/uploads\\\/2022\\\/11\\\/logo_nuevo_espanol.png\",\"width\":704,\"height\":199,\"caption\":\"Venegas Nexia Costa Rica\"},\"image\":{\"@id\":\"https:\\\/\\\/www.venegasnexia.com\\\/es\\\/#\\\/schema\\\/logo\\\/image\\\/\"}}]}<\/script>\n<!-- \/ Yoast SEO plugin. -->","yoast_head_json":{"title":"Representaci\u00f3n Internacional - Venegas Nexia","robots":{"index":"index","follow":"follow","max-snippet":"max-snippet:-1","max-image-preview":"max-image-preview:large","max-video-preview":"max-video-preview:-1"},"canonical":"https:\/\/www.venegasnexia.com\/es\/acerca-de\/representacion-internacional\/","og_locale":"es_ES","og_type":"article","og_title":"Representaci\u00f3n Internacional - Venegas Nexia","og_description":"[vc_row][vc_column width=\u00bb1\/6&#8243;][vc_separator style=\u00bbshadow\u00bb][\/vc_column][vc_column width=\u00bb2\/3&#8243;][vc_column_text] Experiencia local, Alcance Global [\/vc_column_text][\/vc_column][vc_column width=\u00bb1\/6&#8243;][\/vc_column][\/vc_row][vc_row full_width=\u00bbstretch_row_content\u00bb][vc_column width=\u00bb1\/6&#8243;][\/vc_column][vc_column width=\u00bb1\/6&#8243;][vc_message message_box_color=\u00bbalert-success\u00bb icon_fontawesome=\u00bbfa fa-flag\u00bb]Nexia International es una red mundial l\u00edder de firmas auditoras y consultoras independientes de alta calidad que tiene como objetivo apoyar a las organizaciones e individuos, con una visi\u00f3n internacional, a satisfacer sus necesidades financieras y de negocios.[\/vc_message][vc_column_text] Nuestras firmas","og_url":"https:\/\/www.venegasnexia.com\/es\/acerca-de\/representacion-internacional\/","og_site_name":"Venegas Nexia","article_modified_time":"2023-10-12T18:00:20+00:00","og_image":[{"url":"http:\/\/dev.venegasycolegiados.com\/wp-content\/uploads\/2017\/05\/stock-photo-creative-woman-working-with-computer-in-the-office-372864847-300x141.jpg","type":"","width":"","height":""}],"twitter_card":"summary_large_image","twitter_misc":{"Tiempo de lectura":"2 minutos"},"schema":{"@context":"https:\/\/schema.org","@graph":[{"@type":"WebPage","@id":"https:\/\/www.venegasnexia.com\/es\/acerca-de\/representacion-internacional\/","url":"https:\/\/www.venegasnexia.com\/es\/acerca-de\/representacion-internacional\/","name":"Representaci\u00f3n Internacional - Venegas Nexia","isPartOf":{"@id":"https:\/\/www.venegasnexia.com\/es\/#website"},"primaryImageOfPage":{"@id":"https:\/\/www.venegasnexia.com\/es\/acerca-de\/representacion-internacional\/#primaryimage"},"image":{"@id":"https:\/\/www.venegasnexia.com\/es\/acerca-de\/representacion-internacional\/#primaryimage"},"thumbnailUrl":"http:\/\/dev.venegasycolegiados.com\/wp-content\/uploads\/2017\/05\/stock-photo-creative-woman-working-with-computer-in-the-office-372864847-300x141.jpg","datePublished":"2017-10-22T04:32:43+00:00","dateModified":"2023-10-12T18:00:20+00:00","breadcrumb":{"@id":"https:\/\/www.venegasnexia.com\/es\/acerca-de\/representacion-internacional\/#breadcrumb"},"inLanguage":"es","potentialAction":[{"@type":"ReadAction","target":["https:\/\/www.venegasnexia.com\/es\/acerca-de\/representacion-internacional\/"]}]},{"@type":"ImageObject","inLanguage":"es","@id":"https:\/\/www.venegasnexia.com\/es\/acerca-de\/representacion-internacional\/#primaryimage","url":"http:\/\/dev.venegasycolegiados.com\/wp-content\/uploads\/2017\/05\/stock-photo-creative-woman-working-with-computer-in-the-office-372864847-300x141.jpg","contentUrl":"http:\/\/dev.venegasycolegiados.com\/wp-content\/uploads\/2017\/05\/stock-photo-creative-woman-working-with-computer-in-the-office-372864847-300x141.jpg"},{"@type":"BreadcrumbList","@id":"https:\/\/www.venegasnexia.com\/es\/acerca-de\/representacion-internacional\/#breadcrumb","itemListElement":[{"@type":"ListItem","position":1,"name":"Inicio","item":"https:\/\/www.venegasnexia.com\/es\/"},{"@type":"ListItem","position":2,"name":"Acerca de","item":"https:\/\/www.venegasnexia.com\/es\/acerca-de\/"},{"@type":"ListItem","position":3,"name":"Representaci\u00f3n Internacional"}]},{"@type":"WebSite","@id":"https:\/\/www.venegasnexia.com\/es\/#website","url":"https:\/\/www.venegasnexia.com\/es\/","name":"Venegas Nexia","description":"Auditores y Consultores","publisher":{"@id":"https:\/\/www.venegasnexia.com\/es\/#organization"},"alternateName":"Venegas y Colegiados Costa Rica","potentialAction":[{"@type":"SearchAction","target":{"@type":"EntryPoint","urlTemplate":"https:\/\/www.venegasnexia.com\/es\/?s={search_term_string}"},"query-input":{"@type":"PropertyValueSpecification","valueRequired":true,"valueName":"search_term_string"}}],"inLanguage":"es"},{"@type":"Organization","@id":"https:\/\/www.venegasnexia.com\/es\/#organization","name":"Venegas Nexia Costa Rica","url":"https:\/\/www.venegasnexia.com\/es\/","logo":{"@type":"ImageObject","inLanguage":"es","@id":"https:\/\/www.venegasnexia.com\/es\/#\/schema\/logo\/image\/","url":"https:\/\/www.venegasnexia.com\/wp-content\/uploads\/2022\/11\/logo_nuevo_espanol.png","contentUrl":"https:\/\/www.venegasnexia.com\/wp-content\/uploads\/2022\/11\/logo_nuevo_espanol.png","width":704,"height":199,"caption":"Venegas Nexia Costa Rica"},"image":{"@id":"https:\/\/www.venegasnexia.com\/es\/#\/schema\/logo\/image\/"}}]}},"_links":{"self":[{"href":"https:\/\/www.venegasnexia.com\/es\/wp-json\/wp\/v2\/pages\/940","targetHints":{"allow":["GET"]}}],"collection":[{"href":"https:\/\/www.venegasnexia.com\/es\/wp-json\/wp\/v2\/pages"}],"about":[{"href":"https:\/\/www.venegasnexia.com\/es\/wp-json\/wp\/v2\/types\/page"}],"author":[{"embeddable":true,"href":"https:\/\/www.venegasnexia.com\/es\/wp-json\/wp\/v2\/users\/1"}],"replies":[{"embeddable":true,"href":"https:\/\/www.venegasnexia.com\/es\/wp-json\/wp\/v2\/comments?post=940"}],"version-history":[{"count":0,"href":"https:\/\/www.venegasnexia.com\/es\/wp-json\/wp\/v2\/pages\/940\/revisions"}],"up":[{"embeddable":true,"href":"https:\/\/www.venegasnexia.com\/es\/wp-json\/wp\/v2\/pages\/115"}],"wp:attachment":[{"href":"https:\/\/www.venegasnexia.com\/es\/wp-json\/wp\/v2\/media?parent=940"}],"curies":[{"name":"wp","href":"https:\/\/api.w.org\/{rel}","templated":true}]}}