{"id":974,"date":"2017-10-21T23:19:41","date_gmt":"2017-10-22T05:19:41","guid":{"rendered":"http:\/\/dev.venegasycolegiados.com\/?page_id=974"},"modified":"2022-11-08T08:05:08","modified_gmt":"2022-11-08T14:05:08","slug":"valores-y-codigo-de-etica","status":"publish","type":"page","link":"https:\/\/www.venegasnexia.com\/es\/acerca-de\/valores-y-codigo-de-etica\/","title":{"rendered":"Valores"},"content":{"rendered":"<div class=\"wpb-content-wrapper\"><p>[vc_row full_width=\u00bbstretch_row\u00bb equal_height=\u00bbyes\u00bb content_placement=\u00bbtop\u00bb container=\u00bb1&#8243; css=\u00bb.vc_custom_1667916307063{padding-top: 60px !important;padding-bottom: 105px !important;background-image: url(https:\/\/www.venegasnexia.com\/wp-content\/uploads\/2021\/04\/header-11-cono-monetario.jpg?id=3356) !important;}\u00bb][vc_column][vc_column_text css=\u00bb.vc_custom_1619630783550{padding-left: 59px !important;}\u00bb]<\/p>\n<h1><span style=\"color: #ffffff;\">Valores<\/span><\/h1>\n<p>[\/vc_column_text][\/vc_column][\/vc_row][vc_row container=\u00bb1&#8243;][vc_column][vc_empty_space][vc_column_text]<span><span><a href=\"https:\/\/www.venegasnexia.com\/es\/\">Inicio<\/a><\/span><\/span>[\/vc_column_text][\/vc_column][\/vc_row][vc_row container=\u00bb1&#8243;][vc_column width=\u00bb1\/3&#8243;][vc_column_text]<\/p>\n<h2><strong>Valores<\/strong><\/h2>\n<ul>\n<li style=\"text-align: justify;\"><strong>Integridad<\/strong>\u00a0vigilar los intereses de nuestros Clientes teniendo siempre presente los valores corporativos de Venegas y Colegiados.<\/li>\n<li style=\"text-align: justify;\"><strong>Objetividad<\/strong>\u00a0conducir evaluaciones cr\u00edticas, con una actitud mental de cuestionamiento, de la validez de la evidencia obtenida y alerta a evidencia que pueda contradecir las representaciones de la parte responsable.<\/li>\n<li style=\"text-align: justify;\"><strong>Confidencialidad<\/strong>\u00a0guardar el secreto profesional y custodiar la informaci\u00f3n conferida en el ejercicio de la profesi\u00f3n.<\/li>\n<li style=\"text-align: justify;\"><strong>Independencia<\/strong>\u00a0tener y demostrar absoluta independencia mental y aparente de criterio con relaci\u00f3n a cualquier inter\u00e9s que pudiera comprometer nuestros valores de integridad y objetividad.<\/li>\n<li style=\"text-align: justify;\"><strong>Competencia<\/strong>\u00a0<strong>Profesional<\/strong>\u00a0velar por la continua actualizaci\u00f3n profesional como parte de nuestro compromiso con el mejoramiento continuo de nuestros servicios.<\/li>\n<\/ul>\n<p>[\/vc_column_text][\/vc_column][vc_column width=\u00bb1\/3&#8243;][vc_column_text]<\/p>\n<h2><strong>C\u00f3digo de \u00c9tica<\/strong><\/h2>\n<ol>\n<li>Cumplir con el C\u00f3digo de \u00c9tica de la Federaci\u00f3n Internacional de Contadores (IFAC, por sus siglas en ingl\u00e9s).<\/li>\n<li>Cumplir con los estatutos, reglas de operaci\u00f3n y cualquier otro reglamento establecido por el Colegio de Contadores P\u00fablicos de Costa Rica y Nexia\u00a0Internacional.<\/li>\n<li>Mantener el prestigio adquirido dentro de nuestro medio, sirviendo a nuestros clientes y al inter\u00e9s p\u00fablico con integridad, honestidad y con el m\u00e1s alto nivel de competencia profesional.<\/li>\n<li>Promover activamente una conducta \u00e9tica en nuestro ambiente de trabajo y en nuestra comunidad.<\/li>\n<li>Respetar la confidencialidad de la informaci\u00f3n que nos sea proporcionada para la realizaci\u00f3n de nuestro trabajo.<\/li>\n<\/ol>\n<p>[\/vc_column_text][\/vc_column][vc_column width=\u00bb1\/3&#8243;][vc_column_text]<\/p>\n<h2><\/h2>\n<p>&nbsp;<\/p>\n<p style=\"text-align: justify;\">6. Actuar con independencia, responsabilidad, debido cuidado y competencia durante el desempe\u00f1o de nuestro trabajo, sin permitir que nuestro criterio profesional se vea influenciado por circunstancia alguna fuera de los hechos materiales presentados para nuestro conocimiento.<\/p>\n<p style=\"text-align: justify;\">7. Mantener actualizados nuestros conocimientos y habilidades t\u00e9cnicas para servir mejor a nuestros clientes.<\/p>\n<p style=\"text-align: justify;\">8. Cumplir con las Leyes del pa\u00eds, as\u00ed como con las normas y reglamentos de las entidades reguladoras.<\/p>\n<p style=\"text-align: justify;\">9. Buscar la satisfacci\u00f3n material y profesional del personal que trabaja en nuestra organizaci\u00f3n as\u00ed como un buen ambiente de trabajo.<\/p>\n<p>[\/vc_column_text][\/vc_column][\/vc_row]<\/p>\n<\/div>","protected":false},"excerpt":{"rendered":"<p>[vc_row full_width=\u00bbstretch_row\u00bb equal_height=\u00bbyes\u00bb content_placement=\u00bbtop\u00bb container=\u00bb1&#8243; css=\u00bb.vc_custom_1667916307063{padding-top: 60px !important;padding-bottom: 105px !important;background-image: url(https:\/\/www.venegasnexia.com\/wp-content\/uploads\/2021\/04\/header-11-cono-monetario.jpg?id=3356) !important;}\u00bb][vc_column][vc_column_text css=\u00bb.vc_custom_1619630783550{padding-left: 59px !important;}\u00bb] Valores [\/vc_column_text][\/vc_column][\/vc_row][vc_row container=\u00bb1&#8243;][vc_column][vc_empty_space][vc_column_text][\/vc_column_text][\/vc_column][\/vc_row][vc_row container=\u00bb1&#8243;][vc_column width=\u00bb1\/3&#8243;][vc_column_text] Valores Integridad\u00a0vigilar los intereses de nuestros Clientes teniendo siempre presente los valores corporativos de Venegas y Colegiados. Objetividad\u00a0conducir evaluaciones cr\u00edticas, con una actitud mental de cuestionamiento, de la validez de la evidencia obtenida y alerta<\/p>\n","protected":false},"author":1,"featured_media":0,"parent":115,"menu_order":0,"comment_status":"closed","ping_status":"closed","template":"tpl-visual_composer.php","meta":{"_joinchat":[],"footnotes":""},"class_list":["post-974","page","type-page","status-publish","hentry"],"yoast_head":"<!-- This site is optimized with the Yoast SEO plugin v27.4 - https:\/\/yoast.com\/product\/yoast-seo-wordpress\/ -->\n<title>Valores - Venegas Nexia<\/title>\n<meta name=\"robots\" content=\"index, follow, max-snippet:-1, max-image-preview:large, max-video-preview:-1\" \/>\n<link rel=\"canonical\" href=\"https:\/\/www.venegasnexia.com\/es\/acerca-de\/valores-y-codigo-de-etica\/\" \/>\n<meta property=\"og:locale\" content=\"es_ES\" \/>\n<meta property=\"og:type\" content=\"article\" \/>\n<meta property=\"og:title\" content=\"Valores - Venegas Nexia\" \/>\n<meta property=\"og:description\" content=\"[vc_row full_width=\u00bbstretch_row\u00bb equal_height=\u00bbyes\u00bb content_placement=\u00bbtop\u00bb container=\u00bb1&#8243; css=\u00bb.vc_custom_1667916307063{padding-top: 60px !important;padding-bottom: 105px !important;background-image: url(https:\/\/www.venegasnexia.com\/wp-content\/uploads\/2021\/04\/header-11-cono-monetario.jpg?id=3356) !important;}\u00bb][vc_column][vc_column_text css=\u00bb.vc_custom_1619630783550{padding-left: 59px !important;}\u00bb] Valores [\/vc_column_text][\/vc_column][\/vc_row][vc_row container=\u00bb1&#8243;][vc_column][vc_empty_space][vc_column_text][\/vc_column_text][\/vc_column][\/vc_row][vc_row container=\u00bb1&#8243;][vc_column width=\u00bb1\/3&#8243;][vc_column_text] Valores Integridad\u00a0vigilar los intereses de nuestros Clientes teniendo siempre presente los valores corporativos de Venegas y Colegiados. Objetividad\u00a0conducir evaluaciones cr\u00edticas, con una actitud mental de cuestionamiento, de la validez de la evidencia obtenida y alerta\" \/>\n<meta property=\"og:url\" content=\"https:\/\/www.venegasnexia.com\/es\/acerca-de\/valores-y-codigo-de-etica\/\" \/>\n<meta property=\"og:site_name\" content=\"Venegas Nexia\" \/>\n<meta property=\"article:modified_time\" content=\"2022-11-08T14:05:08+00:00\" \/>\n<meta name=\"twitter:card\" content=\"summary_large_image\" \/>\n<meta name=\"twitter:label1\" content=\"Tiempo de lectura\" \/>\n\t<meta name=\"twitter:data1\" content=\"2 minutos\" \/>\n<script type=\"application\/ld+json\" class=\"yoast-schema-graph\">{\"@context\":\"https:\\\/\\\/schema.org\",\"@graph\":[{\"@type\":\"WebPage\",\"@id\":\"https:\\\/\\\/www.venegasnexia.com\\\/es\\\/acerca-de\\\/valores-y-codigo-de-etica\\\/\",\"url\":\"https:\\\/\\\/www.venegasnexia.com\\\/es\\\/acerca-de\\\/valores-y-codigo-de-etica\\\/\",\"name\":\"Valores - Venegas Nexia\",\"isPartOf\":{\"@id\":\"https:\\\/\\\/www.venegasnexia.com\\\/es\\\/#website\"},\"datePublished\":\"2017-10-22T05:19:41+00:00\",\"dateModified\":\"2022-11-08T14:05:08+00:00\",\"breadcrumb\":{\"@id\":\"https:\\\/\\\/www.venegasnexia.com\\\/es\\\/acerca-de\\\/valores-y-codigo-de-etica\\\/#breadcrumb\"},\"inLanguage\":\"es\",\"potentialAction\":[{\"@type\":\"ReadAction\",\"target\":[\"https:\\\/\\\/www.venegasnexia.com\\\/es\\\/acerca-de\\\/valores-y-codigo-de-etica\\\/\"]}]},{\"@type\":\"BreadcrumbList\",\"@id\":\"https:\\\/\\\/www.venegasnexia.com\\\/es\\\/acerca-de\\\/valores-y-codigo-de-etica\\\/#breadcrumb\",\"itemListElement\":[{\"@type\":\"ListItem\",\"position\":1,\"name\":\"Inicio\",\"item\":\"https:\\\/\\\/www.venegasnexia.com\\\/es\\\/\"},{\"@type\":\"ListItem\",\"position\":2,\"name\":\"Acerca de\",\"item\":\"https:\\\/\\\/www.venegasnexia.com\\\/es\\\/acerca-de\\\/\"},{\"@type\":\"ListItem\",\"position\":3,\"name\":\"Valores\"}]},{\"@type\":\"WebSite\",\"@id\":\"https:\\\/\\\/www.venegasnexia.com\\\/es\\\/#website\",\"url\":\"https:\\\/\\\/www.venegasnexia.com\\\/es\\\/\",\"name\":\"Venegas Nexia\",\"description\":\"Auditores y Consultores\",\"publisher\":{\"@id\":\"https:\\\/\\\/www.venegasnexia.com\\\/es\\\/#organization\"},\"alternateName\":\"Venegas y Colegiados Costa Rica\",\"potentialAction\":[{\"@type\":\"SearchAction\",\"target\":{\"@type\":\"EntryPoint\",\"urlTemplate\":\"https:\\\/\\\/www.venegasnexia.com\\\/es\\\/?s={search_term_string}\"},\"query-input\":{\"@type\":\"PropertyValueSpecification\",\"valueRequired\":true,\"valueName\":\"search_term_string\"}}],\"inLanguage\":\"es\"},{\"@type\":\"Organization\",\"@id\":\"https:\\\/\\\/www.venegasnexia.com\\\/es\\\/#organization\",\"name\":\"Venegas Nexia Costa Rica\",\"url\":\"https:\\\/\\\/www.venegasnexia.com\\\/es\\\/\",\"logo\":{\"@type\":\"ImageObject\",\"inLanguage\":\"es\",\"@id\":\"https:\\\/\\\/www.venegasnexia.com\\\/es\\\/#\\\/schema\\\/logo\\\/image\\\/\",\"url\":\"https:\\\/\\\/www.venegasnexia.com\\\/wp-content\\\/uploads\\\/2022\\\/11\\\/logo_nuevo_espanol.png\",\"contentUrl\":\"https:\\\/\\\/www.venegasnexia.com\\\/wp-content\\\/uploads\\\/2022\\\/11\\\/logo_nuevo_espanol.png\",\"width\":704,\"height\":199,\"caption\":\"Venegas Nexia Costa Rica\"},\"image\":{\"@id\":\"https:\\\/\\\/www.venegasnexia.com\\\/es\\\/#\\\/schema\\\/logo\\\/image\\\/\"}}]}<\/script>\n<!-- \/ Yoast SEO plugin. -->","yoast_head_json":{"title":"Valores - Venegas Nexia","robots":{"index":"index","follow":"follow","max-snippet":"max-snippet:-1","max-image-preview":"max-image-preview:large","max-video-preview":"max-video-preview:-1"},"canonical":"https:\/\/www.venegasnexia.com\/es\/acerca-de\/valores-y-codigo-de-etica\/","og_locale":"es_ES","og_type":"article","og_title":"Valores - Venegas Nexia","og_description":"[vc_row full_width=\u00bbstretch_row\u00bb equal_height=\u00bbyes\u00bb content_placement=\u00bbtop\u00bb container=\u00bb1&#8243; css=\u00bb.vc_custom_1667916307063{padding-top: 60px !important;padding-bottom: 105px !important;background-image: url(https:\/\/www.venegasnexia.com\/wp-content\/uploads\/2021\/04\/header-11-cono-monetario.jpg?id=3356) !important;}\u00bb][vc_column][vc_column_text css=\u00bb.vc_custom_1619630783550{padding-left: 59px !important;}\u00bb] Valores [\/vc_column_text][\/vc_column][\/vc_row][vc_row container=\u00bb1&#8243;][vc_column][vc_empty_space][vc_column_text][\/vc_column_text][\/vc_column][\/vc_row][vc_row container=\u00bb1&#8243;][vc_column width=\u00bb1\/3&#8243;][vc_column_text] Valores Integridad\u00a0vigilar los intereses de nuestros Clientes teniendo siempre presente los valores corporativos de Venegas y Colegiados. Objetividad\u00a0conducir evaluaciones cr\u00edticas, con una actitud mental de cuestionamiento, de la validez de la evidencia obtenida y alerta","og_url":"https:\/\/www.venegasnexia.com\/es\/acerca-de\/valores-y-codigo-de-etica\/","og_site_name":"Venegas Nexia","article_modified_time":"2022-11-08T14:05:08+00:00","twitter_card":"summary_large_image","twitter_misc":{"Tiempo de lectura":"2 minutos"},"schema":{"@context":"https:\/\/schema.org","@graph":[{"@type":"WebPage","@id":"https:\/\/www.venegasnexia.com\/es\/acerca-de\/valores-y-codigo-de-etica\/","url":"https:\/\/www.venegasnexia.com\/es\/acerca-de\/valores-y-codigo-de-etica\/","name":"Valores - Venegas Nexia","isPartOf":{"@id":"https:\/\/www.venegasnexia.com\/es\/#website"},"datePublished":"2017-10-22T05:19:41+00:00","dateModified":"2022-11-08T14:05:08+00:00","breadcrumb":{"@id":"https:\/\/www.venegasnexia.com\/es\/acerca-de\/valores-y-codigo-de-etica\/#breadcrumb"},"inLanguage":"es","potentialAction":[{"@type":"ReadAction","target":["https:\/\/www.venegasnexia.com\/es\/acerca-de\/valores-y-codigo-de-etica\/"]}]},{"@type":"BreadcrumbList","@id":"https:\/\/www.venegasnexia.com\/es\/acerca-de\/valores-y-codigo-de-etica\/#breadcrumb","itemListElement":[{"@type":"ListItem","position":1,"name":"Inicio","item":"https:\/\/www.venegasnexia.com\/es\/"},{"@type":"ListItem","position":2,"name":"Acerca de","item":"https:\/\/www.venegasnexia.com\/es\/acerca-de\/"},{"@type":"ListItem","position":3,"name":"Valores"}]},{"@type":"WebSite","@id":"https:\/\/www.venegasnexia.com\/es\/#website","url":"https:\/\/www.venegasnexia.com\/es\/","name":"Venegas Nexia","description":"Auditores y Consultores","publisher":{"@id":"https:\/\/www.venegasnexia.com\/es\/#organization"},"alternateName":"Venegas y Colegiados Costa Rica","potentialAction":[{"@type":"SearchAction","target":{"@type":"EntryPoint","urlTemplate":"https:\/\/www.venegasnexia.com\/es\/?s={search_term_string}"},"query-input":{"@type":"PropertyValueSpecification","valueRequired":true,"valueName":"search_term_string"}}],"inLanguage":"es"},{"@type":"Organization","@id":"https:\/\/www.venegasnexia.com\/es\/#organization","name":"Venegas Nexia Costa Rica","url":"https:\/\/www.venegasnexia.com\/es\/","logo":{"@type":"ImageObject","inLanguage":"es","@id":"https:\/\/www.venegasnexia.com\/es\/#\/schema\/logo\/image\/","url":"https:\/\/www.venegasnexia.com\/wp-content\/uploads\/2022\/11\/logo_nuevo_espanol.png","contentUrl":"https:\/\/www.venegasnexia.com\/wp-content\/uploads\/2022\/11\/logo_nuevo_espanol.png","width":704,"height":199,"caption":"Venegas Nexia Costa Rica"},"image":{"@id":"https:\/\/www.venegasnexia.com\/es\/#\/schema\/logo\/image\/"}}]}},"_links":{"self":[{"href":"https:\/\/www.venegasnexia.com\/es\/wp-json\/wp\/v2\/pages\/974","targetHints":{"allow":["GET"]}}],"collection":[{"href":"https:\/\/www.venegasnexia.com\/es\/wp-json\/wp\/v2\/pages"}],"about":[{"href":"https:\/\/www.venegasnexia.com\/es\/wp-json\/wp\/v2\/types\/page"}],"author":[{"embeddable":true,"href":"https:\/\/www.venegasnexia.com\/es\/wp-json\/wp\/v2\/users\/1"}],"replies":[{"embeddable":true,"href":"https:\/\/www.venegasnexia.com\/es\/wp-json\/wp\/v2\/comments?post=974"}],"version-history":[{"count":0,"href":"https:\/\/www.venegasnexia.com\/es\/wp-json\/wp\/v2\/pages\/974\/revisions"}],"up":[{"embeddable":true,"href":"https:\/\/www.venegasnexia.com\/es\/wp-json\/wp\/v2\/pages\/115"}],"wp:attachment":[{"href":"https:\/\/www.venegasnexia.com\/es\/wp-json\/wp\/v2\/media?parent=974"}],"curies":[{"name":"wp","href":"https:\/\/api.w.org\/{rel}","templated":true}]}}